{"id":1974,"date":"2020-10-14T11:43:26","date_gmt":"2020-10-14T11:43:26","guid":{"rendered":"https:\/\/shop.alma-fashion.com\/politika-za-privatnost\/"},"modified":"2021-02-12T08:12:14","modified_gmt":"2021-02-12T08:12:14","slug":"datenschutz-bestimmungen","status":"publish","type":"page","link":"https:\/\/shop.alma-fashion.com\/en\/datenschutz-bestimmungen\/","title":{"rendered":"Datenschutz-Bestimmungen"},"content":{"rendered":"<p>Diese Datenschutzrichtlinie regelt die Art und Weise, in der Alma DOOEL beim Besuch seiner Website shop.alma-fashion.com (im Folgenden: &#8220;Website&#8221;) von Benutzern (im Folgenden: &#8220;Benutzer&#8221;) gesammelte Daten sammelt, verwendet, pflegt und weitergibt.<\/p>\n\n\n\n<p>Diese Datenschutzrichtlinie gilt nur f\u00fcr die angegebene Website und nicht f\u00fcr die personenbezogenen Daten, die Alma DOOEL auf andere Weise von seinen Benutzern sammelt.<\/p>\n\n\n\n<p>Diese Datenschutzrichtlinie gilt auch nicht f\u00fcr personenbezogene Daten, die von anderen Websites gesammelt wurden und auf die Sie \u00fcber unsere Website zugreifen k\u00f6nnen.<\/p>\n\n\n\n<p>Welche Informationen sammeln wir?<\/p>\n\n\n\n<p>Beim Besuch der Website wird Ihre Privatsph\u00e4re uneingeschr\u00e4nkt respektiert.<\/p>\n\n\n\n<p>Beim Besuch der Website verarbeitet Alma DOOEL Ihre pers\u00f6nlichen Daten (pers\u00f6nliche Identifikationsdaten und Kontaktinformationen) nur dann, wenn Sie diese freiwillig im Kontaktformular auf unserer Website hinterlassen, um unsere Dienste zu nutzen, z. B. die Anmeldung f\u00fcr einen elektronischen Newsletter oder die Registrierung f\u00fcr einen Kurs, eine Veranstaltung, einen Workshop oder eine Akademie elektronische Online-Zahlung f\u00fcr einen Kurs, eine Veranstaltung, einen Workshop oder eine Akademie.<\/p>\n\n\n\n<p>Wenn Sie online f\u00fcr einen Kurs, eine Veranstaltung, einen Workshop oder eine Akademie bezahlen, hat Alma DOOEL keinen Zugriff auf die Daten zu Ihrer Zahlungskarte oder Ihrem Bankkonto, da diese direkt an ein zertifiziertes Bearbeitungszentrum f\u00fcr Zahlungskartentransaktionen und die Bank \u00fcber a gesendet werden Sicherheitslink.<\/p>\n\n\n\n<p>F\u00fcr welche Zwecke werden die gesammelten Daten und Informationen verwendet?<\/p>\n\n\n\n<p>Alma DOOEL verarbeitet Ihre pers\u00f6nlichen Daten f\u00fcr:<\/p>\n\n\n\n<ul class=\"wp-block-list\"><li>Erm\u00f6glichung der Online-Nutzung unserer Dienste mit der Absicht, die Benutzererfahrung durch Verbesserung der Servicequalit\u00e4t f\u00fcr Kunden zu verbessern, dh effizienter auf Ihre Anfragen zu reagieren und den erforderlichen Support bereitzustellen.<\/li><li>Verwaltung der Inhalte, Werbeaktionen, Umfragen und anderen Funktionen der Website, um deren Qualit\u00e4t und die durch sie angebotenen Dienstleistungen zu verbessern.<\/li><\/ul>\n\n\n\n<p>Ihre pers\u00f6nlichen Daten werden zu keinem anderen Zweck als dem Zweck verarbeitet, f\u00fcr den sie erhoben wurden.<\/p>\n\n\n\n<p>Die Verarbeitung Ihrer personenbezogenen Daten zu einem anderen Zweck kann nur mit Ihrer vorherigen Zustimmung erfolgen.<\/p>\n\n\n\n<p>Wie werden personenbezogene Daten verarbeitet?<\/p>\n\n\n\n<p>Die Verarbeitung Ihrer personenbezogenen Daten Alma DOOEL erfolgt gem\u00e4\u00df den Bestimmungen zum Schutz personenbezogener Daten der Republik Nordmakedonien und ergreift alle vorgeschriebenen technischen und organisatorischen Ma\u00dfnahmen, um die Vertraulichkeit und den Schutz bei der Verarbeitung der ihm zur Verf\u00fcgung stehenden personenbezogenen Daten zu gew\u00e4hrleisten.<\/p>\n\n\n\n<p>Die Mitarbeiter von Alma DOOEL sind verpflichtet, alle Informationen (einschlie\u00dflich personenbezogener Daten), die w\u00e4hrend der Erf\u00fcllung ihrer Aufgaben erhalten werden, geheim zu halten.<\/p>\n\n\n\n<p>Alma DOOEL wendet beim Sammeln, Speichern und Verarbeiten von Informationen Sicherheitsma\u00dfnahmen an, um den unbefugten Zugriff, die \u00c4nderung, Offenlegung oder Zerst\u00f6rung Ihrer pers\u00f6nlichen Daten sowie nicht personenbezogener Daten, die auf unserer Website gespeichert sind, zu verhindern. Personenbezogene Daten k\u00f6nnen nur den zust\u00e4ndigen Beh\u00f6rden gem\u00e4\u00df dem gesetzlich vorgeschriebenen Verfahren \u00fcbermittelt werden.<\/p>\n\n\n\n<p>Andere Informationen<\/p>\n\n\n\n<p>Angesichts der Natur des Internets sollte beachtet werden, dass bei der Nutzung Daten \u00fcber die Gewohnheiten und Vorlieben seiner Benutzer passiv und automatisch erfasst werden.<\/p>\n\n\n\n<p>Beim Besuch der Website von Benutzern kann Alma DOOEL Informationen zu diesen aufzeichnen, die allein nicht ausreichen, um eine bestimmte Person zu identifizieren, und statistische Indikatoren sind, die zur Verbesserung der Qualit\u00e4t der Website verwendet werden. Zu diesen Informationen k\u00f6nnen geh\u00f6ren: der Name des Internetbrowsers, der Computertyp sowie technische Informationen \u00fcber die Verbindung, die der Benutzer beim Besuch der Website verwendet, z. B. das Betriebssystem und der Internetdienstanbieter IP (Internet Protocol). Vom ISP zugewiesene und f\u00fcr jeden Benutzer unterschiedliche Adressen und \u00e4hnliche Informationen.<\/p>\n\n\n\n<p>Suchmaschinen-Cookies<\/p>\n\n\n\n<p>Cookies sind kleine Textdateien, die auf Ihrem Computer oder Mobilger\u00e4t gespeichert werden, um die Benutzererfahrung zu verbessern. Sie beziehen sich nicht auf Ihre pers\u00f6nlichen Daten, die Sie uns zuvor zur Verf\u00fcgung gestellt haben.<\/p>\n\n\n\n<p>Mit Hilfe von Cookies \u00fcberwacht Alma DOOEL die Bewegung der Besucher der Website und sammelt so Daten, um die Nutzung der Website durch die Besucher besser zu verstehen, um die Benutzererfahrung zu verbessern, die Funktionalit\u00e4t der Website zu optimieren und zu verbessern. .<\/p>\n\n\n\n<p>Cookies erm\u00f6glichen es uns, Ihren Browser beim n\u00e4chsten Besuch der Website zu identifizieren. Cookies speichern m\u00f6glicherweise Ihre Einstellungen und andere technische Informationen, lesen jedoch m\u00f6glicherweise weder Daten oder Informationen von Ihrer Festplatte oder Ihrem Mobiltelefon noch andere gespeicherte Cookie-Dateien von anderen Internetseiten.<\/p>\n\n\n\n<p>Alma DOOEL verwendet verschiedene Arten von Cookies beim Betrieb der Website:<\/p>\n\n\n\n<p>Notwendige Cookies &#8211; Cookies, die f\u00fcr das ordnungsgem\u00e4\u00dfe Funktionieren der Grundfunktionen der Website erforderlich sind, z. B. Navigation, Online-Shopping, Abrechnung, Statistik der Website-Besuche, Inhaltsoptimierung usw. Sie werden normalerweise als Reaktion auf eine bestimmte Interaktion eingerichtet, die Sie mit der Website haben, z. B. Einstellungen f\u00fcr Cookie-Einstellungen, Anmelden oder Ausf\u00fcllen elektronischer Formulare. Diese Cookies enthalten keine pers\u00f6nlichen Informationen und k\u00f6nnen mit diesen Einstellungen nicht deaktiviert werden. Es gibt verschiedene Cookie-Optionen, die Sie in Ihrem Browser anpassen k\u00f6nnen, um Sie \u00fcber diese Cookies zu blockieren oder zu benachrichtigen. Einige Teile der Website funktionieren m\u00f6glicherweise nicht ordnungsgem\u00e4\u00df.<\/p>\n\n\n\n<ul class=\"wp-block-list\"><li>Analytics-Cookies &#8211; Cookies, mit denen wir Besuche und Verkehrsquellen z\u00e4hlen k\u00f6nnen, um die Leistung der Website zu messen und zu verbessern. Sie helfen uns zu analysieren, welche Seiten am h\u00e4ufigsten besucht werden, und zu sehen, wie Besucher durch die Seite navigieren. Alle durch diese Cookies gesammelten Informationen sind aggregiert und anonym.<\/li><\/ul>\n\n\n\n<p>-Funktionale Cookies &#8211; Cookies, die eine bessere Funktionalit\u00e4t und Personalisierung des Inhalts der Website bieten. Sie k\u00f6nnen von Alma DOOEL oder von Dritten ver\u00f6ffentlicht werden, deren Dienste wir auf der Website bereitgestellt haben. Wenn Sie der Verwendung dieser Cookies nicht zustimmen, funktionieren einige Teile der Website nicht ordnungsgem\u00e4\u00df.<\/p>\n\n\n\n<p>-Marketing-Cookies &#8211; Cookies, die von externen Partnern \u00fcber die Alma DOOEL-Website platziert werden k\u00f6nnen. Partner k\u00f6nnen Cookies verwenden, um relevante Anzeigen auf anderen Websites zu schalten. Sie speichern Ihre pers\u00f6nlichen Daten nicht direkt, sondern dienen dazu, Ihren Browser und \/ oder Ihr Internetger\u00e4t zu identifizieren.<\/p>\n\n\n\n<p>Es gibt nur diese Arten von Cookies auf der Website, die gem\u00e4\u00df den vom Benutzer festgelegten Browsereinstellungen auf dem Computer des Benutzers gespeichert werden.<\/p>\n\n\n\n<p>Durch den Besuch der Website k\u00f6nnen Besucher \u00fcber die Option &#8220;Cookie-Einstellungen&#8221; ausw\u00e4hlen, welche Art von Cookies sie im Browser speichern m\u00f6chten. Wenn Sie auf die Schaltfl\u00e4che &#8220;Ich stimme zu&#8221; klicken oder die Website weiterhin nutzen, stimmen Sie den in diesem Dokument beschriebenen Cookies zu.<\/p>\n\n\n\n<p>In den Einstellungen Ihres Browsers k\u00f6nnen Benutzer festlegen, dass der Browser Cookies ablehnt oder l\u00f6scht. Wenn Benutzer diese Option ausw\u00e4hlen, funktionieren bestimmte Teile der Website m\u00f6glicherweise nicht wie beabsichtigt.<\/p>\n\n\n\n<p>Klicken Sie zum \u00c4ndern der Cookie-Einstellungen auf: Cookie-Einstellungen<\/p>\n\n\n\n<p>Remarketing<\/p>\n\n\n\n<p>Alma DOOEL verwendet die Informationen, die durch die Verwendung von Cookies (&#8220;Cookies&#8221;) gesammelt werden, f\u00fcr das Re-Marketing \u00fcber Google AdWords und Facebook Business Manager, dh f\u00fcr die Werbung auf anderen Websites, die der Benutzer aufgrund eines vorherigen Besuchs auf der Website besucht Website unter shop.alma-fashion.com und Zustimmung f\u00fcr diese Aktivit\u00e4t.<\/p>\n\n\n\n<p>Google, Facebook, Instagram und andere Dritte zeigen AdWords oder sogenannte &#8220;Anzeigen&#8221; \u00fcber verschiedene Websites und Anwendungen, die der Benutzer besucht und verwendet. Diese &#8220;Anzeigen&#8221; basieren auf fr\u00fcheren Benutzerbesuchen auf der Website von Alma DOOEL mithilfe von Cookies.<\/p>\n\n\n\n<p>Wenn der Nutzer beispielsweise durch den Besuch von shop.alma-fashion.com an einem bestimmten Dienst oder Ger\u00e4t interessiert war, ohne eine bestimmte Bestellung aufzugeben, werden durch diese Aktivit\u00e4t Informationen generiert, die in Form einer Anzeige bei Google und Facebook sowie auf der Basis des Nutzers erscheinen k\u00f6nnen auf sein vorheriges Interesse beim Besuch einer anderen Website, die auch &#8220;Anzeigen&#8221; bei Google verwendet, um eine Anzeige f\u00fcr Alma DOOEL oder f\u00fcr den Inhalt zu schalten, den er auf der Website von Alma DOOEL besucht hat. Alle von Alma DOOEL gesammelten Daten werden gem\u00e4\u00df dieser Datenschutzrichtlinie verwendet, dh den Datenschutzrichtlinien von Google und Facebook f\u00fcr die von ihnen gesammelten Daten.<\/p>\n\n\n\n<p>\u00c4nderungen in der Datenschutzerkl\u00e4rung<\/p>\n\n\n\n<p>Alma DOOEL beh\u00e4lt sich das Recht vor, diese Datenschutzrichtlinie jederzeit zu aktualisieren. In diesem Fall werden wir die Website benachrichtigen und das Aktualisierungsdatum am Ende dieses Dokuments \u00fcberarbeiten. Der Benutzer erkl\u00e4rt sich damit einverstanden, dass es in seiner Verantwortung liegt, die Datenschutzrichtlinie regelm\u00e4\u00dfig zu \u00fcberpr\u00fcfen, und dass ihm \u00c4nderungen bekannt sind.<\/p>\n\n\n\n<p>Akzeptanz der Bedingungen<\/p>\n\n\n\n<p>Durch den weiteren Zugriff auf und die Nutzung der Website shop.alma-fashion.com akzeptiert der Benutzer die Bestimmungen dieser Datenschutzrichtlinie.<\/p>\n\n\n\n<p>Wenn Sie dieser Datenschutzrichtlinie nicht zustimmen, beenden Sie bitte Ihren Zugriff auf die Website.<\/p>\n\n\n\n<p>Alma DOOEL Kocani<\/p>\n\n\n\n<p>Datum der Aktualisierung: 10.04.2020<\/p>","protected":false},"excerpt":{"rendered":"<p>Diese Datenschutzrichtlinie regelt die Art und Weise, in der Alma DOOEL beim Besuch seiner Website shop.alma-fashion.com (im Folgenden: &#8220;Website&#8221;) von Benutzern (im Folgenden: &#8220;Benutzer&#8221;) gesammelte Daten sammelt, verwendet, pflegt und weitergibt. Diese Datenschutzrichtlinie gilt nur f\u00fcr die angegebene Website und nicht f\u00fcr die personenbezogenen Daten, die Alma DOOEL auf andere Weise von seinen Benutzern sammelt. [&#8230;]\n","protected":false},"author":2,"featured_media":0,"parent":0,"menu_order":0,"comment_status":"closed","ping_status":"open","template":"","meta":{"footnotes":""},"class_list":["post-1974","page","type-page","status-publish","hentry"],"yoast_head":"<!-- This site is optimized with the Yoast SEO plugin v27.2 - https:\/\/yoast.com\/product\/yoast-seo-wordpress\/ -->\n<title>Datenschutz-Bestimmungen - ALMA FASHION WEBSHOP<\/title>\n<meta name=\"robots\" content=\"index, follow, max-snippet:-1, max-image-preview:large, max-video-preview:-1\" \/>\n<link rel=\"canonical\" href=\"https:\/\/shop.alma-fashion.com\/en\/datenschutz-bestimmungen\/\" \/>\n<meta property=\"og:locale\" content=\"en_US\" \/>\n<meta property=\"og:type\" content=\"article\" \/>\n<meta property=\"og:title\" content=\"Datenschutz-Bestimmungen - ALMA FASHION WEBSHOP\" \/>\n<meta property=\"og:description\" content=\"Diese Datenschutzrichtlinie regelt die Art und Weise, in der Alma DOOEL beim Besuch seiner Website shop.alma-fashion.com (im Folgenden: &#8220;Website&#8221;) von Benutzern (im Folgenden: &#8220;Benutzer&#8221;) gesammelte Daten sammelt, verwendet, pflegt und weitergibt. Diese Datenschutzrichtlinie gilt nur f\u00fcr die angegebene Website und nicht f\u00fcr die personenbezogenen Daten, die Alma DOOEL auf andere Weise von seinen Benutzern sammelt. [...]\" \/>\n<meta property=\"og:url\" content=\"https:\/\/shop.alma-fashion.com\/en\/datenschutz-bestimmungen\/\" \/>\n<meta property=\"og:site_name\" content=\"ALMA FASHION WEBSHOP\" \/>\n<meta property=\"article:modified_time\" content=\"2021-02-12T08:12:14+00:00\" \/>\n<meta name=\"twitter:card\" content=\"summary_large_image\" \/>\n<meta name=\"twitter:label1\" content=\"Est. reading time\" \/>\n\t<meta name=\"twitter:data1\" content=\"7 minutes\" \/>\n<script type=\"application\/ld+json\" class=\"yoast-schema-graph\">{\"@context\":\"https:\/\/schema.org\",\"@graph\":[{\"@type\":\"WebPage\",\"@id\":\"https:\/\/shop.alma-fashion.com\/datenschutz-bestimmungen\/\",\"url\":\"https:\/\/shop.alma-fashion.com\/datenschutz-bestimmungen\/\",\"name\":\"Datenschutz-Bestimmungen - ALMA FASHION WEBSHOP\",\"isPartOf\":{\"@id\":\"https:\/\/shop.alma-fashion.com\/#website\"},\"datePublished\":\"2020-10-14T11:43:26+00:00\",\"dateModified\":\"2021-02-12T08:12:14+00:00\",\"breadcrumb\":{\"@id\":\"https:\/\/shop.alma-fashion.com\/datenschutz-bestimmungen\/#breadcrumb\"},\"inLanguage\":\"en-US\",\"potentialAction\":[{\"@type\":\"ReadAction\",\"target\":[\"https:\/\/shop.alma-fashion.com\/datenschutz-bestimmungen\/\"]}]},{\"@type\":\"BreadcrumbList\",\"@id\":\"https:\/\/shop.alma-fashion.com\/datenschutz-bestimmungen\/#breadcrumb\",\"itemListElement\":[{\"@type\":\"ListItem\",\"position\":1,\"name\":\"Home\",\"item\":\"https:\/\/shop.alma-fashion.com\/\"},{\"@type\":\"ListItem\",\"position\":2,\"name\":\"Datenschutz-Bestimmungen\"}]},{\"@type\":\"WebSite\",\"@id\":\"https:\/\/shop.alma-fashion.com\/#website\",\"url\":\"https:\/\/shop.alma-fashion.com\/\",\"name\":\"ALMA FASHION WEBSHOP\",\"description\":\"\",\"potentialAction\":[{\"@type\":\"SearchAction\",\"target\":{\"@type\":\"EntryPoint\",\"urlTemplate\":\"https:\/\/shop.alma-fashion.com\/?s={search_term_string}\"},\"query-input\":{\"@type\":\"PropertyValueSpecification\",\"valueRequired\":true,\"valueName\":\"search_term_string\"}}],\"inLanguage\":\"en-US\"}]}<\/script>\n<!-- \/ Yoast SEO plugin. -->","yoast_head_json":{"title":"Datenschutz-Bestimmungen - ALMA FASHION WEBSHOP","robots":{"index":"index","follow":"follow","max-snippet":"max-snippet:-1","max-image-preview":"max-image-preview:large","max-video-preview":"max-video-preview:-1"},"canonical":"https:\/\/shop.alma-fashion.com\/en\/datenschutz-bestimmungen\/","og_locale":"en_US","og_type":"article","og_title":"Datenschutz-Bestimmungen - ALMA FASHION WEBSHOP","og_description":"Diese Datenschutzrichtlinie regelt die Art und Weise, in der Alma DOOEL beim Besuch seiner Website shop.alma-fashion.com (im Folgenden: &#8220;Website&#8221;) von Benutzern (im Folgenden: &#8220;Benutzer&#8221;) gesammelte Daten sammelt, verwendet, pflegt und weitergibt. Diese Datenschutzrichtlinie gilt nur f\u00fcr die angegebene Website und nicht f\u00fcr die personenbezogenen Daten, die Alma DOOEL auf andere Weise von seinen Benutzern sammelt. [...]","og_url":"https:\/\/shop.alma-fashion.com\/en\/datenschutz-bestimmungen\/","og_site_name":"ALMA FASHION WEBSHOP","article_modified_time":"2021-02-12T08:12:14+00:00","twitter_card":"summary_large_image","twitter_misc":{"Est. reading time":"7 minutes"},"schema":{"@context":"https:\/\/schema.org","@graph":[{"@type":"WebPage","@id":"https:\/\/shop.alma-fashion.com\/datenschutz-bestimmungen\/","url":"https:\/\/shop.alma-fashion.com\/datenschutz-bestimmungen\/","name":"Datenschutz-Bestimmungen - ALMA FASHION WEBSHOP","isPartOf":{"@id":"https:\/\/shop.alma-fashion.com\/#website"},"datePublished":"2020-10-14T11:43:26+00:00","dateModified":"2021-02-12T08:12:14+00:00","breadcrumb":{"@id":"https:\/\/shop.alma-fashion.com\/datenschutz-bestimmungen\/#breadcrumb"},"inLanguage":"en-US","potentialAction":[{"@type":"ReadAction","target":["https:\/\/shop.alma-fashion.com\/datenschutz-bestimmungen\/"]}]},{"@type":"BreadcrumbList","@id":"https:\/\/shop.alma-fashion.com\/datenschutz-bestimmungen\/#breadcrumb","itemListElement":[{"@type":"ListItem","position":1,"name":"Home","item":"https:\/\/shop.alma-fashion.com\/"},{"@type":"ListItem","position":2,"name":"Datenschutz-Bestimmungen"}]},{"@type":"WebSite","@id":"https:\/\/shop.alma-fashion.com\/#website","url":"https:\/\/shop.alma-fashion.com\/","name":"ALMA FASHION WEBSHOP","description":"","potentialAction":[{"@type":"SearchAction","target":{"@type":"EntryPoint","urlTemplate":"https:\/\/shop.alma-fashion.com\/?s={search_term_string}"},"query-input":{"@type":"PropertyValueSpecification","valueRequired":true,"valueName":"search_term_string"}}],"inLanguage":"en-US"}]}},"_links":{"self":[{"href":"https:\/\/shop.alma-fashion.com\/en\/wp-json\/wp\/v2\/pages\/1974","targetHints":{"allow":["GET"]}}],"collection":[{"href":"https:\/\/shop.alma-fashion.com\/en\/wp-json\/wp\/v2\/pages"}],"about":[{"href":"https:\/\/shop.alma-fashion.com\/en\/wp-json\/wp\/v2\/types\/page"}],"author":[{"embeddable":true,"href":"https:\/\/shop.alma-fashion.com\/en\/wp-json\/wp\/v2\/users\/2"}],"replies":[{"embeddable":true,"href":"https:\/\/shop.alma-fashion.com\/en\/wp-json\/wp\/v2\/comments?post=1974"}],"version-history":[{"count":0,"href":"https:\/\/shop.alma-fashion.com\/en\/wp-json\/wp\/v2\/pages\/1974\/revisions"}],"wp:attachment":[{"href":"https:\/\/shop.alma-fashion.com\/en\/wp-json\/wp\/v2\/media?parent=1974"}],"curies":[{"name":"wp","href":"https:\/\/api.w.org\/{rel}","templated":true}]}}