{"id":3330,"date":"2021-03-01T13:19:45","date_gmt":"2021-03-01T13:19:45","guid":{"rendered":"https:\/\/shop.alma-fashion.com\/nalog-maski-pantaloni\/"},"modified":"2021-05-05T11:17:47","modified_gmt":"2021-05-05T11:17:47","slug":"auftrag-fur-hose","status":"publish","type":"page","link":"https:\/\/shop.alma-fashion.com\/en\/auftrag-fur-hose\/","title":{"rendered":"Auftrag f\u00fcr Hose"},"content":{"rendered":"\n<style>\ntd{border: 1px solid;\n}\n<\/style>\n<div class=\"row\"  id=\"row-81316642\">\n\n\n\t<div id=\"col-482105906\" class=\"col medium-6 small-12 large-6\"  >\n\t\t\t\t<div class=\"col-inner\"  >\n\t\t\t\n\t\t\t\n\n<div class=\"wpforms-container wpforms-container-full\" id=\"wpforms-3393\"><form id=\"wpforms-form-3393\" class=\"wpforms-validate wpforms-form\" data-formid=\"3393\" method=\"post\" enctype=\"multipart\/form-data\" action=\"\/en\/wp-json\/wp\/v2\/pages\/3330\" data-token=\"b08fdd1275f676968e273b3dba58d2da\"><noscript class=\"wpforms-error-noscript\">Please enable JavaScript in your browser to complete this form.<\/noscript><div class=\"wpforms-field-container\"><div id=\"wpforms-3393-field_25-container\" class=\"wpforms-field wpforms-field-divider\" data-field-id=\"25\"><h3 id=\"wpforms-3393-field_25\" name=\"wpforms[fields][25]\">Informationen f\u00fcr Sie<\/h3><\/div><div id=\"wpforms-3393-field_3-container\" class=\"wpforms-field wpforms-field-name\" data-field-id=\"3\"><label class=\"wpforms-field-label\" for=\"wpforms-3393-field_3\">Informationen f\u00fcr Sie <span class=\"wpforms-required-label\">*<\/span><\/label><input type=\"text\" id=\"wpforms-3393-field_3\" class=\"wpforms-field-large wpforms-field-required\" name=\"wpforms[fields][3]\" required><\/div><div id=\"wpforms-3393-field_4-container\" class=\"wpforms-field wpforms-field-email\" data-field-id=\"4\"><label class=\"wpforms-field-label\" for=\"wpforms-3393-field_4\">E-Mail <span class=\"wpforms-required-label\">*<\/span><\/label><input type=\"email\" id=\"wpforms-3393-field_4\" class=\"wpforms-field-large wpforms-field-required\" name=\"wpforms[fields][4]\" required><\/div><div id=\"wpforms-3393-field_26-container\" class=\"wpforms-field wpforms-field-text\" data-field-id=\"26\"><label class=\"wpforms-field-label\" for=\"wpforms-3393-field_26\">Firma<\/label><input type=\"text\" id=\"wpforms-3393-field_26\" class=\"wpforms-field-large\" name=\"wpforms[fields][26]\" ><\/div><div id=\"wpforms-3393-field_5-container\" class=\"wpforms-field wpforms-field-textarea\" data-field-id=\"5\"><label class=\"wpforms-field-label\" for=\"wpforms-3393-field_5\">Ihre Nachricht<\/label><textarea id=\"wpforms-3393-field_5\" class=\"wpforms-field-medium\" name=\"wpforms[fields][5]\" ><\/textarea><\/div><div id=\"wpforms-3393-field_24-container\" class=\"wpforms-field wpforms-field-divider\" data-field-id=\"24\"><h3 id=\"wpforms-3393-field_24\" name=\"wpforms[fields][24]\">Informationen \u00fcber den Auftrag<\/h3><\/div><div id=\"wpforms-3393-field_9-container\" class=\"wpforms-field wpforms-field-number\" data-field-id=\"9\"><label class=\"wpforms-field-label\" for=\"wpforms-3393-field_9\">Menge <span class=\"wpforms-required-label\">*<\/span><\/label><input type=\"number\" pattern=\"\\d*\" id=\"wpforms-3393-field_9\" class=\"wpforms-field-large wpforms-field-required\" name=\"wpforms[fields][9]\" placeholder=\"300\" required><div class=\"wpforms-field-description\">HINWEIS: Die Mindestbestellmenge betr\u00e4gt 300<\/div><\/div><div id=\"wpforms-3393-field_35-container\" class=\"wpforms-field wpforms-field-text\" data-field-id=\"35\"><label class=\"wpforms-field-label\" for=\"wpforms-3393-field_35\">Farbe des Materials<\/label><input type=\"text\" id=\"wpforms-3393-field_35\" class=\"wpforms-field-large\" name=\"wpforms[fields][35]\" ><div class=\"wpforms-field-description\">HINWEIS: Wenn das Feld leer ist, ist die Standardfarbe wei\u00df<\/div><\/div><div id=\"wpforms-3393-field_8-container\" class=\"wpforms-field wpforms-field-text\" data-field-id=\"8\"><label class=\"wpforms-field-label\" for=\"wpforms-3393-field_8\">Art des Materials<\/label><input type=\"text\" id=\"wpforms-3393-field_8\" class=\"wpforms-field-large\" name=\"wpforms[fields][8]\" ><\/div><div id=\"wpforms-3393-field_10-container\" class=\"wpforms-field wpforms-field-text\" data-field-id=\"10\"><label class=\"wpforms-field-label\" for=\"wpforms-3393-field_10\">Garnfarbe<\/label><input type=\"text\" id=\"wpforms-3393-field_10\" class=\"wpforms-field-large\" name=\"wpforms[fields][10]\" ><div class=\"wpforms-field-description\">HINWEIS: Wenn das Feld leer ist, ist die Standardfarbe wei\u00df<\/div><\/div><div id=\"wpforms-3393-field_28-container\" class=\"wpforms-field wpforms-field-divider\" data-field-id=\"28\"><h3 id=\"wpforms-3393-field_28\" name=\"wpforms[fields][28]\">Zus\u00e4tzliche Elemente<\/h3><\/div><div id=\"wpforms-3393-field_31-container\" class=\"wpforms-field wpforms-field-radio\" data-field-id=\"31\"><label class=\"wpforms-field-label\" for=\"wpforms-3393-field_31\">Ges\u00e4\u00dftasche<\/label><ul id=\"wpforms-3393-field_31\"><li class=\"choice-1 depth-1\"><input type=\"radio\" id=\"wpforms-3393-field_31_1\" name=\"wpforms[fields][31]\" value=\"Mit zwei Schr\u00e4gstreifen \"  ><label class=\"wpforms-field-label-inline\" for=\"wpforms-3393-field_31_1\">Mit zwei Schr\u00e4gstreifen <\/label><\/li><li class=\"choice-2 depth-1\"><input type=\"radio\" id=\"wpforms-3393-field_31_2\" name=\"wpforms[fields][31]\" value=\"Mit einem Schr\u00e4gstreifen\"  ><label class=\"wpforms-field-label-inline\" for=\"wpforms-3393-field_31_2\">Mit einem Schr\u00e4gstreifen<\/label><\/li><li class=\"choice-3 depth-1\"><input type=\"radio\" id=\"wpforms-3393-field_31_3\" name=\"wpforms[fields][31]\" value=\"Mit Schr\u00e4gstreifen und Patte\"  ><label class=\"wpforms-field-label-inline\" for=\"wpforms-3393-field_31_3\">Mit Schr\u00e4gstreifen und Patte<\/label><\/li><\/ul><\/div><div id=\"wpforms-3393-field_32-container\" class=\"wpforms-field wpforms-field-radio\" data-field-id=\"32\"><label class=\"wpforms-field-label\" for=\"wpforms-3393-field_32\">Vordertasche<\/label><ul id=\"wpforms-3393-field_32\"><li class=\"choice-1 depth-1\"><input type=\"radio\" id=\"wpforms-3393-field_32_1\" name=\"wpforms[fields][32]\" value=\"Schr\u00e4gtasche\"  ><label class=\"wpforms-field-label-inline\" for=\"wpforms-3393-field_32_1\">Schr\u00e4gtasche<\/label><\/li><li class=\"choice-2 depth-1\"><input type=\"radio\" id=\"wpforms-3393-field_32_2\" name=\"wpforms[fields][32]\" value=\"Rundtasche\"  ><label class=\"wpforms-field-label-inline\" for=\"wpforms-3393-field_32_2\">Rundtasche<\/label><\/li><\/ul><\/div><div id=\"wpforms-3393-field_34-container\" class=\"wpforms-field wpforms-field-radio\" data-field-id=\"34\"><label class=\"wpforms-field-label\" for=\"wpforms-3393-field_34\">G\u00fcrtel<\/label><ul id=\"wpforms-3393-field_34\"><li class=\"choice-1 depth-1\"><input type=\"radio\" id=\"wpforms-3393-field_34_1\" name=\"wpforms[fields][34]\" value=\"Mit Gummiband\"  ><label class=\"wpforms-field-label-inline\" for=\"wpforms-3393-field_34_1\">Mit Gummiband<\/label><\/li><li class=\"choice-2 depth-1\"><input type=\"radio\" id=\"wpforms-3393-field_34_2\" name=\"wpforms[fields][34]\" value=\"Mit normalem Stepp am Saum \"  ><label class=\"wpforms-field-label-inline\" for=\"wpforms-3393-field_34_2\">Mit normalem Stepp am Saum <\/label><\/li><li class=\"choice-3 depth-1\"><input type=\"radio\" id=\"wpforms-3393-field_34_3\" name=\"wpforms[fields][34]\" value=\"unsichtbarer Stepp am Saum \"  ><label class=\"wpforms-field-label-inline\" for=\"wpforms-3393-field_34_3\">unsichtbarer Stepp am Saum <\/label><\/li><\/ul><\/div><div id=\"wpforms-3393-field_18-container\" class=\"wpforms-field wpforms-field-textarea\" data-field-id=\"18\"><label class=\"wpforms-field-label\" for=\"wpforms-3393-field_18\">Weitere Anfrage<\/label><textarea id=\"wpforms-3393-field_18\" class=\"wpforms-field-medium\" name=\"wpforms[fields][18]\" ><\/textarea><\/div><\/div><input type=\"hidden\" name=\"wpforms[recaptcha]\" value=\"\"><div class=\"wpforms-submit-container\" ><input type=\"hidden\" name=\"wpforms[id]\" value=\"3393\"><input type=\"hidden\" name=\"wpforms[author]\" value=\"2\"><button type=\"submit\" name=\"wpforms[submit]\" class=\"wpforms-submit \" id=\"wpforms-submit-3393\" value=\"wpforms-submit\" aria-live=\"assertive\" >Erstellen Sie einen Auftrag<\/button><\/div><\/form><\/div>  <!-- .wpforms-container -->\n\n\t\t<\/div>\n\t\t\t\t\t<\/div>\n\n\t\n\n\t<div id=\"col-1976686499\" class=\"col medium-6 small-12 large-6\"  >\n\t\t\t\t<div class=\"col-inner text-center\"  >\n\t\t\t\n\t\t\t\n\n<a rel=\"noopener noreferrer\" href=\"https:\/\/www.alma-fashion.com\/de\/#catalogues\" target=\"_blank\" class=\"button primary is-small\"  >\n    <span>Zutaten<\/span>\n  <\/a>\n\n\n\t<div class=\"img has-hover x md-x lg-x y md-y lg-y\" id=\"image_986271260\">\n\t\t\t\t\t\t\t\t<div class=\"img-inner dark\" >\n\t\t\t<img loading=\"lazy\" decoding=\"async\" width=\"312\" height=\"1024\" src=\"https:\/\/shop.alma-fashion.com\/wp-content\/uploads\/2021\/03\/pants2-312x1024.png\" class=\"attachment-large size-large\" alt=\"\" srcset=\"https:\/\/shop.alma-fashion.com\/wp-content\/uploads\/2021\/03\/pants2-312x1024.png 312w, https:\/\/shop.alma-fashion.com\/wp-content\/uploads\/2021\/03\/pants2-510x1675.png 510w, https:\/\/shop.alma-fashion.com\/wp-content\/uploads\/2021\/03\/pants2-91x300.png 91w, https:\/\/shop.alma-fashion.com\/wp-content\/uploads\/2021\/03\/pants2-468x1536.png 468w, https:\/\/shop.alma-fashion.com\/wp-content\/uploads\/2021\/03\/pants2-624x2048.png 624w, https:\/\/shop.alma-fashion.com\/wp-content\/uploads\/2021\/03\/pants2.png 627w\" sizes=\"auto, (max-width: 312px) 100vw, 312px\" \/>\t\t\t\t\t\t\n\t\t\t\t\t<\/div>\n\t\t\t\t\t\t\t\t\n<style>\n#image_986271260 {\n  width: 31%;\n}\n<\/style>\n\t<\/div>\n\t\n\n<h2 style=\"text-align: left;\">Ma\u00dftabelle<\/h2>\n<table width=\"633\">\n<tbody>\n<tr>\n<td width=\"121\">Ma\u00dfe<\/td>\n<td width=\"64\">44<\/td>\n<td width=\"64\">46<\/td>\n<td width=\"64\">48<\/td>\n<td width=\"64\">50<\/td>\n<td width=\"64\">52<\/td>\n<td width=\"64\">54<\/td>\n<td width=\"64\">56<\/td>\n<td width=\"64\">58<\/td>\n<\/tr>\n<tr>\n<td>Bundweite\u00a0<\/td>\n<td>82<\/td>\n<td>86<\/td>\n<td>90<\/td>\n<td>94<\/td>\n<td>98<\/td>\n<td>102<\/td>\n<td>106<\/td>\n<td>110<\/td>\n<\/tr>\n<tr>\n<td>H\u00fcftweite\u00a0<\/td>\n<td>96<\/td>\n<td>100<\/td>\n<td>104<\/td>\n<td>108<\/td>\n<td>112<\/td>\n<td>116<\/td>\n<td>120<\/td>\n<td>124<\/td>\n<\/tr>\n<tr>\n<td>Oberschenkelbreite<\/td>\n<td>61.8<\/td>\n<td>64.5<\/td>\n<td>67.5<\/td>\n<td>70.4<\/td>\n<td>73.2<\/td>\n<td>76.1<\/td>\n<td>79.4<\/td>\n<td>82.4<\/td>\n<\/tr>\n<tr>\n<td>Knieweite<\/td>\n<td>46<\/td>\n<td>47.5<\/td>\n<td>49<\/td>\n<td>50.5<\/td>\n<td>52<\/td>\n<td>53.5<\/td>\n<td>55<\/td>\n<td>56.5<\/td>\n<\/tr>\n<tr>\n<td width=\"121\">Au\u00dfenl\u00e4nge (inkl. Ma\u00dfe f\u00fcr Bund, vom Naht gemessen)<\/td>\n<td>114<\/td>\n<td>115<\/td>\n<td>116<\/td>\n<td>117<\/td>\n<td>118<\/td>\n<td>119<\/td>\n<td>120<\/td>\n<td>121<\/td>\n<\/tr>\n<tr>\n<td width=\"121\">Vordere Ges\u00e4\u00df<\/td>\n<td>24<\/td>\n<td>24.5<\/td>\n<td>25<\/td>\n<td>25.5<\/td>\n<td>26<\/td>\n<td>26.5<\/td>\n<td>27<\/td>\n<td>27.5<\/td>\n<\/tr>\n<tr>\n<td width=\"121\">Hintere Ges\u00e4\u00df<\/td>\n<td>36.2<\/td>\n<td>37.2<\/td>\n<td>38.2<\/td>\n<td>39.2<\/td>\n<td>40.2<\/td>\n<td>41.2<\/td>\n<td>42.5<\/td>\n<td>43.7<\/td>\n<\/tr>\n<tr>\n<td>Innennaht L\u00e4nge\u00a0<\/td>\n<td>92.4<\/td>\n<td>93<\/td>\n<td>93.6<\/td>\n<td>94.2<\/td>\n<td>94.8<\/td>\n<td>95.4<\/td>\n<td>96<\/td>\n<td>96.6<\/td>\n<\/tr>\n<tr>\n<td width=\"121\">Saum\u00a0<\/td>\n<td>43<\/td>\n<td>44<\/td>\n<td>45<\/td>\n<td>46<\/td>\n<td>47<\/td>\n<td>48<\/td>\n<td>49<\/td>\n<td>50<\/td>\n<\/tr>\n<\/tbody>\n<\/table>\n\n\t\t<\/div>\n\t\t\t\t\t<\/div>\n\n\t\n\n<\/div>\n\n","protected":false},"excerpt":{"rendered":"","protected":false},"author":2,"featured_media":0,"parent":0,"menu_order":0,"comment_status":"closed","ping_status":"closed","template":"","meta":{"footnotes":""},"class_list":["post-3330","page","type-page","status-publish","hentry"],"yoast_head":"<!-- This site is optimized with the Yoast SEO plugin v27.2 - https:\/\/yoast.com\/product\/yoast-seo-wordpress\/ -->\n<title>Auftrag f\u00fcr Hose - ALMA FASHION WEBSHOP<\/title>\n<meta name=\"robots\" content=\"index, follow, max-snippet:-1, max-image-preview:large, max-video-preview:-1\" \/>\n<link rel=\"canonical\" href=\"https:\/\/shop.alma-fashion.com\/en\/auftrag-fur-hose\/\" \/>\n<meta property=\"og:locale\" content=\"en_US\" \/>\n<meta property=\"og:type\" content=\"article\" \/>\n<meta property=\"og:title\" content=\"Auftrag f\u00fcr Hose - ALMA FASHION WEBSHOP\" \/>\n<meta property=\"og:url\" content=\"https:\/\/shop.alma-fashion.com\/en\/auftrag-fur-hose\/\" \/>\n<meta property=\"og:site_name\" content=\"ALMA FASHION WEBSHOP\" \/>\n<meta property=\"article:modified_time\" content=\"2021-05-05T11:17:47+00:00\" \/>\n<meta name=\"twitter:card\" content=\"summary_large_image\" \/>\n<script type=\"application\/ld+json\" class=\"yoast-schema-graph\">{\"@context\":\"https:\/\/schema.org\",\"@graph\":[{\"@type\":\"WebPage\",\"@id\":\"https:\/\/shop.alma-fashion.com\/auftrag-fur-hose\/\",\"url\":\"https:\/\/shop.alma-fashion.com\/auftrag-fur-hose\/\",\"name\":\"Auftrag f\u00fcr Hose - ALMA FASHION WEBSHOP\",\"isPartOf\":{\"@id\":\"https:\/\/shop.alma-fashion.com\/#website\"},\"datePublished\":\"2021-03-01T13:19:45+00:00\",\"dateModified\":\"2021-05-05T11:17:47+00:00\",\"breadcrumb\":{\"@id\":\"https:\/\/shop.alma-fashion.com\/auftrag-fur-hose\/#breadcrumb\"},\"inLanguage\":\"en-US\",\"potentialAction\":[{\"@type\":\"ReadAction\",\"target\":[\"https:\/\/shop.alma-fashion.com\/auftrag-fur-hose\/\"]}]},{\"@type\":\"BreadcrumbList\",\"@id\":\"https:\/\/shop.alma-fashion.com\/auftrag-fur-hose\/#breadcrumb\",\"itemListElement\":[{\"@type\":\"ListItem\",\"position\":1,\"name\":\"Home\",\"item\":\"https:\/\/shop.alma-fashion.com\/\"},{\"@type\":\"ListItem\",\"position\":2,\"name\":\"Auftrag f\u00fcr Hose\"}]},{\"@type\":\"WebSite\",\"@id\":\"https:\/\/shop.alma-fashion.com\/#website\",\"url\":\"https:\/\/shop.alma-fashion.com\/\",\"name\":\"ALMA FASHION WEBSHOP\",\"description\":\"\",\"potentialAction\":[{\"@type\":\"SearchAction\",\"target\":{\"@type\":\"EntryPoint\",\"urlTemplate\":\"https:\/\/shop.alma-fashion.com\/?s={search_term_string}\"},\"query-input\":{\"@type\":\"PropertyValueSpecification\",\"valueRequired\":true,\"valueName\":\"search_term_string\"}}],\"inLanguage\":\"en-US\"}]}<\/script>\n<!-- \/ Yoast SEO plugin. -->","yoast_head_json":{"title":"Auftrag f\u00fcr Hose - ALMA FASHION WEBSHOP","robots":{"index":"index","follow":"follow","max-snippet":"max-snippet:-1","max-image-preview":"max-image-preview:large","max-video-preview":"max-video-preview:-1"},"canonical":"https:\/\/shop.alma-fashion.com\/en\/auftrag-fur-hose\/","og_locale":"en_US","og_type":"article","og_title":"Auftrag f\u00fcr Hose - ALMA FASHION WEBSHOP","og_url":"https:\/\/shop.alma-fashion.com\/en\/auftrag-fur-hose\/","og_site_name":"ALMA FASHION WEBSHOP","article_modified_time":"2021-05-05T11:17:47+00:00","twitter_card":"summary_large_image","schema":{"@context":"https:\/\/schema.org","@graph":[{"@type":"WebPage","@id":"https:\/\/shop.alma-fashion.com\/auftrag-fur-hose\/","url":"https:\/\/shop.alma-fashion.com\/auftrag-fur-hose\/","name":"Auftrag f\u00fcr Hose - ALMA FASHION WEBSHOP","isPartOf":{"@id":"https:\/\/shop.alma-fashion.com\/#website"},"datePublished":"2021-03-01T13:19:45+00:00","dateModified":"2021-05-05T11:17:47+00:00","breadcrumb":{"@id":"https:\/\/shop.alma-fashion.com\/auftrag-fur-hose\/#breadcrumb"},"inLanguage":"en-US","potentialAction":[{"@type":"ReadAction","target":["https:\/\/shop.alma-fashion.com\/auftrag-fur-hose\/"]}]},{"@type":"BreadcrumbList","@id":"https:\/\/shop.alma-fashion.com\/auftrag-fur-hose\/#breadcrumb","itemListElement":[{"@type":"ListItem","position":1,"name":"Home","item":"https:\/\/shop.alma-fashion.com\/"},{"@type":"ListItem","position":2,"name":"Auftrag f\u00fcr Hose"}]},{"@type":"WebSite","@id":"https:\/\/shop.alma-fashion.com\/#website","url":"https:\/\/shop.alma-fashion.com\/","name":"ALMA FASHION WEBSHOP","description":"","potentialAction":[{"@type":"SearchAction","target":{"@type":"EntryPoint","urlTemplate":"https:\/\/shop.alma-fashion.com\/?s={search_term_string}"},"query-input":{"@type":"PropertyValueSpecification","valueRequired":true,"valueName":"search_term_string"}}],"inLanguage":"en-US"}]}},"_links":{"self":[{"href":"https:\/\/shop.alma-fashion.com\/en\/wp-json\/wp\/v2\/pages\/3330","targetHints":{"allow":["GET"]}}],"collection":[{"href":"https:\/\/shop.alma-fashion.com\/en\/wp-json\/wp\/v2\/pages"}],"about":[{"href":"https:\/\/shop.alma-fashion.com\/en\/wp-json\/wp\/v2\/types\/page"}],"author":[{"embeddable":true,"href":"https:\/\/shop.alma-fashion.com\/en\/wp-json\/wp\/v2\/users\/2"}],"replies":[{"embeddable":true,"href":"https:\/\/shop.alma-fashion.com\/en\/wp-json\/wp\/v2\/comments?post=3330"}],"version-history":[{"count":0,"href":"https:\/\/shop.alma-fashion.com\/en\/wp-json\/wp\/v2\/pages\/3330\/revisions"}],"wp:attachment":[{"href":"https:\/\/shop.alma-fashion.com\/en\/wp-json\/wp\/v2\/media?parent=3330"}],"curies":[{"name":"wp","href":"https:\/\/api.w.org\/{rel}","templated":true}]}}