{"id":3399,"date":"2021-02-26T09:09:46","date_gmt":"2021-02-26T09:09:46","guid":{"rendered":"https:\/\/shop.alma-fashion.com\/nalog-zenska-kosula\/"},"modified":"2021-05-05T11:21:47","modified_gmt":"2021-05-05T11:21:47","slug":"auftrag-fuer-hemd-d","status":"publish","type":"page","link":"https:\/\/shop.alma-fashion.com\/en\/auftrag-fuer-hemd-d\/","title":{"rendered":"Auftrag f\u00fcr Hemd"},"content":{"rendered":"\n<style>\ntd{border: 1px solid;\n}\n<\/style>\n<div class=\"row\"  id=\"row-699770292\">\n\n\n\t<div id=\"col-1002626654\" class=\"col medium-6 small-12 large-6\"  >\n\t\t\t\t<div class=\"col-inner\"  >\n\t\t\t\n\t\t\t\n\n<div class=\"wpforms-container wpforms-container-full\" id=\"wpforms-3434\"><form id=\"wpforms-form-3434\" class=\"wpforms-validate wpforms-form\" data-formid=\"3434\" method=\"post\" enctype=\"multipart\/form-data\" action=\"\/en\/wp-json\/wp\/v2\/pages\/3399?wpforms_form_id=3434\" data-token=\"b08fdd1275f676968e273b3dba58d2da\"><noscript class=\"wpforms-error-noscript\">Please enable JavaScript in your browser to complete this form.<\/noscript><div class=\"wpforms-field-container\"><div id=\"wpforms-3434-field_25-container\" class=\"wpforms-field wpforms-field-divider\" data-field-id=\"25\"><h3 id=\"wpforms-3434-field_25\" name=\"wpforms[fields][25]\">Informationen f\u00fcr Sie<\/h3><\/div><div id=\"wpforms-3434-field_3-container\" class=\"wpforms-field wpforms-field-name\" data-field-id=\"3\"><label class=\"wpforms-field-label\" for=\"wpforms-3434-field_3\">Name und Nachname <span class=\"wpforms-required-label\">*<\/span><\/label><input type=\"text\" id=\"wpforms-3434-field_3\" class=\"wpforms-field-large wpforms-field-required\" name=\"wpforms[fields][3]\" required><\/div><div id=\"wpforms-3434-field_4-container\" class=\"wpforms-field wpforms-field-email\" data-field-id=\"4\"><label class=\"wpforms-field-label\" for=\"wpforms-3434-field_4\">E-Mail <span class=\"wpforms-required-label\">*<\/span><\/label><input type=\"email\" id=\"wpforms-3434-field_4\" class=\"wpforms-field-large wpforms-field-required\" name=\"wpforms[fields][4]\" required><\/div><div id=\"wpforms-3434-field_26-container\" class=\"wpforms-field wpforms-field-text\" data-field-id=\"26\"><label class=\"wpforms-field-label\" for=\"wpforms-3434-field_26\">Firma<\/label><input type=\"text\" id=\"wpforms-3434-field_26\" class=\"wpforms-field-large\" name=\"wpforms[fields][26]\" ><\/div><div id=\"wpforms-3434-field_5-container\" class=\"wpforms-field wpforms-field-textarea\" data-field-id=\"5\"><label class=\"wpforms-field-label\" for=\"wpforms-3434-field_5\">Ihre Nachricht<\/label><textarea id=\"wpforms-3434-field_5\" class=\"wpforms-field-medium\" name=\"wpforms[fields][5]\" ><\/textarea><\/div><div id=\"wpforms-3434-field_24-container\" class=\"wpforms-field wpforms-field-divider\" data-field-id=\"24\"><h3 id=\"wpforms-3434-field_24\" name=\"wpforms[fields][24]\">Informationen \u00fcber den Auftrag<\/h3><\/div><div id=\"wpforms-3434-field_9-container\" class=\"wpforms-field wpforms-field-number\" data-field-id=\"9\"><label class=\"wpforms-field-label\" for=\"wpforms-3434-field_9\">Menge  <span class=\"wpforms-required-label\">*<\/span><\/label><input type=\"number\" pattern=\"\\d*\" id=\"wpforms-3434-field_9\" class=\"wpforms-field-large wpforms-field-required\" name=\"wpforms[fields][9]\" placeholder=\"300\" required><div class=\"wpforms-field-description\">HINWEIS: Die Mindestbestellmenge betr\u00e4gt 300<\/div><\/div><div id=\"wpforms-3434-field_8-container\" class=\"wpforms-field wpforms-field-text\" data-field-id=\"8\"><label class=\"wpforms-field-label\" for=\"wpforms-3434-field_8\">Farbe des Materials<\/label><input type=\"text\" id=\"wpforms-3434-field_8\" class=\"wpforms-field-large\" name=\"wpforms[fields][8]\" ><div class=\"wpforms-field-description\">HINWEIS: Wenn das Feld leer ist, ist die Standardfarbe wei\u00df<\/div><\/div><div id=\"wpforms-3434-field_31-container\" class=\"wpforms-field wpforms-field-text\" data-field-id=\"31\"><label class=\"wpforms-field-label\" for=\"wpforms-3434-field_31\">Art des Materials<\/label><input type=\"text\" id=\"wpforms-3434-field_31\" class=\"wpforms-field-large\" name=\"wpforms[fields][31]\" ><\/div><div id=\"wpforms-3434-field_10-container\" class=\"wpforms-field wpforms-field-text\" data-field-id=\"10\"><label class=\"wpforms-field-label\" for=\"wpforms-3434-field_10\">Garnfarbe<\/label><input type=\"text\" id=\"wpforms-3434-field_10\" class=\"wpforms-field-large\" name=\"wpforms[fields][10]\" ><div class=\"wpforms-field-description\">HINWEIS: Wenn das Feld leer ist, ist die Standardfarbe wei\u00df<\/div><\/div><div id=\"wpforms-3434-field_11-container\" class=\"wpforms-field wpforms-field-text\" data-field-id=\"11\"><label class=\"wpforms-field-label\" for=\"wpforms-3434-field_11\">Knopffarbe<\/label><input type=\"text\" id=\"wpforms-3434-field_11\" class=\"wpforms-field-large\" name=\"wpforms[fields][11]\" ><div class=\"wpforms-field-description\">HINWEIS: Wenn das Feld leer ist, ist die Standardfarbe wei\u00df.<\/div><\/div><div id=\"wpforms-3434-field_12-container\" class=\"wpforms-field wpforms-field-select wpforms-field-select-style-modern\" data-field-id=\"12\"><label class=\"wpforms-field-label\" for=\"wpforms-3434-field_12\">Knopfgr\u00f6\u00dfe<\/label><select id=\"wpforms-3434-field_12\" class=\"wpforms-field-large choicesjs-select\" data-size-class=\"wpforms-field-row wpforms-field-large\" data-search-enabled=\"\" name=\"wpforms[fields][12]\"><option value=\"\" class=\"placeholder\" disabled  selected='selected'>14&quot;(9 mm)<\/option><option value=\"14&quot;(9 mm)\" >14&quot;(9 mm)<\/option><option value=\"16&quot;(10,2 mm)\" >16&quot;(10,2 mm)<\/option><option value=\"17&quot;(11 mm)\" >17&quot;(11 mm)<\/option><option value=\"18&quot;(11,5 mm)\" >18&quot;(11,5 mm)<\/option><option value=\"20&quot;(12,8 mm)\" >20&quot;(12,8 mm)<\/option><\/select><div class=\"wpforms-field-description\">HINWEIS: Wenn das Feld leer ist, betr\u00e4gt die standard Knopfgr\u00f6\u00dfe 16 \".<\/div><\/div><div id=\"wpforms-3434-field_28-container\" class=\"wpforms-field wpforms-field-divider\" data-field-id=\"28\"><h3 id=\"wpforms-3434-field_28\" name=\"wpforms[fields][28]\">Zus\u00e4tzliche Elemente<\/h3><\/div><div id=\"wpforms-3434-field_27-container\" class=\"wpforms-field wpforms-field-radio\" data-field-id=\"27\"><label class=\"wpforms-field-label\" for=\"wpforms-3434-field_27\">Leiste<\/label><ul id=\"wpforms-3434-field_27\"><li class=\"choice-1 depth-1\"><input type=\"radio\" id=\"wpforms-3434-field_27_1\" name=\"wpforms[fields][27]\" value=\"Leiste mit sichtbaren Kn\u00f6pfen\"  ><label class=\"wpforms-field-label-inline\" for=\"wpforms-3434-field_27_1\">Leiste mit sichtbaren Kn\u00f6pfen<\/label><\/li><li class=\"choice-2 depth-1\"><input type=\"radio\" id=\"wpforms-3434-field_27_2\" name=\"wpforms[fields][27]\" value=\"Versteckte Leiste - Umschlag und mit unsichtbaren Kn\u00f6pfen\"  ><label class=\"wpforms-field-label-inline\" for=\"wpforms-3434-field_27_2\">Versteckte Leiste - Umschlag und mit unsichtbaren Kn\u00f6pfen<\/label><\/li><\/ul><\/div><div id=\"wpforms-3434-field_29-container\" class=\"wpforms-field wpforms-field-radio\" data-field-id=\"29\"><label class=\"wpforms-field-label\" for=\"wpforms-3434-field_29\">Halsloch<\/label><ul id=\"wpforms-3434-field_29\"><li class=\"choice-1 depth-1\"><input type=\"radio\" id=\"wpforms-3434-field_29_1\" name=\"wpforms[fields][29]\" value=\"mit Stehkragen\"  ><label class=\"wpforms-field-label-inline\" for=\"wpforms-3434-field_29_1\">mit Stehkragen<\/label><\/li><li class=\"choice-2 depth-1\"><input type=\"radio\" id=\"wpforms-3434-field_29_2\" name=\"wpforms[fields][29]\" value=\"mit Normalkragen\"  ><label class=\"wpforms-field-label-inline\" for=\"wpforms-3434-field_29_2\">mit Normalkragen<\/label><\/li><\/ul><\/div><div id=\"wpforms-3434-field_30-container\" class=\"wpforms-field wpforms-field-radio\" data-field-id=\"30\"><label class=\"wpforms-field-label\" for=\"wpforms-3434-field_30\">\u00c4rmel<\/label><ul id=\"wpforms-3434-field_30\"><li class=\"choice-1 depth-1\"><input type=\"radio\" id=\"wpforms-3434-field_30_1\" name=\"wpforms[fields][30]\" value=\"Langarm\"  ><label class=\"wpforms-field-label-inline\" for=\"wpforms-3434-field_30_1\">Langarm<\/label><\/li><li class=\"choice-2 depth-1\"><input type=\"radio\" id=\"wpforms-3434-field_30_2\" name=\"wpforms[fields][30]\" value=\"Kurzarm\"  ><label class=\"wpforms-field-label-inline\" for=\"wpforms-3434-field_30_2\">Kurzarm<\/label><\/li><\/ul><\/div><div id=\"wpforms-3434-field_22-container\" class=\"wpforms-field wpforms-field-radio wpforms-list-3-columns wpforms-conditional-trigger\" data-field-id=\"22\"><label class=\"wpforms-field-label\" for=\"wpforms-3434-field_22\">Schneiderei und Stickerei<\/label><ul id=\"wpforms-3434-field_22\"><li class=\"choice-1 depth-1\"><input type=\"radio\" id=\"wpforms-3434-field_22_1\" name=\"wpforms[fields][22]\" value=\"Stickerei\"  ><label class=\"wpforms-field-label-inline\" for=\"wpforms-3434-field_22_1\">Stickerei<\/label><\/li><li class=\"choice-2 depth-1\"><input type=\"radio\" id=\"wpforms-3434-field_22_2\" name=\"wpforms[fields][22]\" value=\"Druck\"  ><label class=\"wpforms-field-label-inline\" for=\"wpforms-3434-field_22_2\">Druck<\/label><\/li><\/ul><\/div><div id=\"wpforms-3434-field_20-container\" class=\"wpforms-field wpforms-field-checkbox wpforms-list-3-columns wpforms-conditional-field wpforms-conditional-show wpforms-conditional-trigger\" data-field-id=\"20\" style=\"display:none;\"><label class=\"wpforms-field-label\" for=\"wpforms-3434-field_20\">Position<\/label><ul id=\"wpforms-3434-field_20\" class=\"wpforms-image-choices wpforms-image-choices-modern\"><li class=\"choice-1 depth-1 wpforms-image-choices-item\"><label class=\"wpforms-field-label-inline\" for=\"wpforms-3434-field_20_1\" tabindex=\"0\"><span class=\"wpforms-image-choices-image\"><img decoding=\"async\" src=\"https:\/\/shop.alma-fashion.com\/wp-content\/uploads\/2021\/02\/gradi-vez.jpg\" alt=\"Brust\" title=\"Brust\"><\/span><input type=\"checkbox\" id=\"wpforms-3434-field_20_1\" class=\"wpforms-screen-reader-element\" name=\"wpforms[fields][20][]\" value=\"Brust\" tabindex=\"-1\"  ><span class=\"wpforms-image-choices-label\">Brust<\/span><\/label><\/li><li class=\"choice-2 depth-1 wpforms-image-choices-item\"><label class=\"wpforms-field-label-inline\" for=\"wpforms-3434-field_20_2\" tabindex=\"0\"><span class=\"wpforms-image-choices-image\"><img decoding=\"async\" src=\"https:\/\/shop.alma-fashion.com\/wp-content\/uploads\/2021\/02\/manzeta-vez.jpg\" alt=\"Manschette\" title=\"Manschette\"><\/span><input type=\"checkbox\" id=\"wpforms-3434-field_20_2\" class=\"wpforms-screen-reader-element\" name=\"wpforms[fields][20][]\" value=\"Manschette\" tabindex=\"-1\"  ><span class=\"wpforms-image-choices-label\">Manschette<\/span><\/label><\/li><li class=\"choice-4 depth-1 wpforms-image-choices-item\"><label class=\"wpforms-field-label-inline\" for=\"wpforms-3434-field_20_4\" tabindex=\"0\"><span class=\"wpforms-image-choices-image\"><img decoding=\"async\" src=\"https:\/\/shop.alma-fashion.com\/wp-content\/uploads\/2021\/02\/BelaBeli-collar.jpg\" alt=\"Kragen\" title=\"Kragen\"><\/span><input type=\"checkbox\" id=\"wpforms-3434-field_20_4\" class=\"wpforms-screen-reader-element\" name=\"wpforms[fields][20][]\" value=\"Kragen\" tabindex=\"-1\"  ><span class=\"wpforms-image-choices-label\">Kragen<\/span><\/label><\/li><\/ul><\/div><div id=\"wpforms-3434-field_16-container\" class=\"wpforms-field wpforms-field-file-upload wpforms-conditional-field wpforms-conditional-show\" data-field-id=\"16\" style=\"display:none;\"><label class=\"wpforms-field-label\" for=\"wpforms-3434-field_16\">Eine Datei anh\u00e4ngen<\/label><div class=\"wpforms-uploader\"\n\tdata-field-id=\"16\"\n\tdata-form-id=\"3434\"\n\tdata-input-name=\"wpforms_3434_16\"\n\tdata-extensions=\"jpg,jpeg,jpe,gif,png,bmp,tiff,tif,webp,avif,ico,heic,heif,heics,heifs,asf,asx,wmv,wmx,wm,avi,divx,mov,qt,mpeg,mpg,mpe,mp4,m4v,ogv,webm,mkv,3gp,3gpp,3g2,3gp2,txt,asc,c,cc,h,srt,csv,tsv,ics,rtx,css,vtt,mp3,m4a,m4b,aac,ra,ram,wav,ogg,oga,flac,mid,midi,wma,wax,mka,rtf,pdf,class,tar,zip,gz,gzip,rar,7z,psd,xcf,doc,pot,pps,ppt,wri,xla,xls,xlt,xlw,mpp,docx,docm,dotx,dotm,xlsx,xlsm,xlsb,xltx,xltm,xlam,pptx,pptm,ppsx,ppsm,potx,potm,ppam,sldx,sldm,onetoc,onetoc2,onepkg,oxps,xps,odt,odp,ods,odg,odc,odb,odf,wp,wpd,key,numbers,pages\"\n\tdata-max-size=\"20971520\"\n\tdata-max-file-number=\"1\"\n\tdata-post-max-size=\"20971520\"\n    data-max-parallel-uploads=\"4\"\n    data-parallel-uploads=\"true\"\n\tdata-file-chunk-size=\"2097152\">\n\t<div class=\"dz-message\">\n\t\t<svg viewBox=\"0 0 1024 1024\" focusable=\"false\" class=\"\" data-icon=\"inbox\" width=\"50px\" height=\"50px\" fill=\"#B1B1B1\" aria-hidden=\"true\"><path d=\"M885.2 446.3l-.2-.8-112.2-285.1c-5-16.1-19.9-27.2-36.8-27.2H281.2c-17 0-32.1 11.3-36.9 27.6L139.4 443l-.3.7-.2.8c-1.3 4.9-1.7 9.9-1 14.8-.1 1.6-.2 3.2-.2 4.8V830a60.9 60.9 0 0 0 60.8 60.8h627.2c33.5 0 60.8-27.3 60.9-60.8V464.1c0-1.3 0-2.6-.1-3.7.4-4.9 0-9.6-1.3-14.1zm-295.8-43l-.3 15.7c-.8 44.9-31.8 75.1-77.1 75.1-22.1 0-41.1-7.1-54.8-20.6S436 441.2 435.6 419l-.3-15.7H229.5L309 210h399.2l81.7 193.3H589.4zm-375 76.8h157.3c24.3 57.1 76 90.8 140.4 90.8 33.7 0 65-9.4 90.3-27.2 22.2-15.6 39.5-37.4 50.7-63.6h156.5V814H214.4V480.1z\"><\/path><\/svg>\n\t\t<span class=\"modern-title\">\n\t\t\tClick or drag a file to this area to upload.\t\t<\/span>\n\n\t\t\t<\/div>\n<\/div>\n<input type=\"text\" class=\"dropzone-input\"\n\tstyle=\"position:absolute!important;clip:rect(0,0,0,0)!important;height:1px!important;width:1px!important;border:0!important;overflow:hidden!important;padding:0!important;margin:0!important;\"\n\tid=\"wpforms-3434-field_16\"\n\tname=\"wpforms_3434_16\" >\n<\/div><div id=\"wpforms-3434-field_18-container\" class=\"wpforms-field wpforms-field-textarea\" data-field-id=\"18\"><label class=\"wpforms-field-label\" for=\"wpforms-3434-field_18\">Weitere Anfrage<\/label><textarea id=\"wpforms-3434-field_18\" class=\"wpforms-field-medium\" name=\"wpforms[fields][18]\" ><\/textarea><\/div><\/div><input type=\"hidden\" name=\"wpforms[recaptcha]\" value=\"\"><div class=\"wpforms-submit-container\" ><input type=\"hidden\" name=\"wpforms[id]\" value=\"3434\"><input type=\"hidden\" name=\"wpforms[author]\" value=\"2\"><button type=\"submit\" name=\"wpforms[submit]\" class=\"wpforms-submit \" id=\"wpforms-submit-3434\" value=\"wpforms-submit\" aria-live=\"assertive\" >Erstellen Sie einen Auftrag <\/button><\/div><\/form><\/div>  <!-- .wpforms-container -->\n\n\t\t<\/div>\n\t\t\t\t\t<\/div>\n\n\t\n\n\t<div id=\"col-1288112599\" class=\"col medium-6 small-12 large-6\"  >\n\t\t\t\t<div class=\"col-inner text-center\"  >\n\t\t\t\n\t\t\t\n\n<a rel=\"noopener noreferrer\" href=\"https:\/\/www.alma-fashion.com\/de\/#catalogues\" target=\"_blank\" class=\"button primary is-small\"  >\n    <span>Zutaten<\/span>\n  <\/a>\n\n\n\t<div class=\"img has-hover x md-x lg-x y md-y lg-y\" id=\"image_999440689\">\n\t\t\t\t\t\t\t\t<div class=\"img-inner dark\" >\n\t\t\t<img loading=\"lazy\" decoding=\"async\" width=\"646\" height=\"1024\" src=\"https:\/\/shop.alma-fashion.com\/wp-content\/uploads\/2021\/03\/zkosula-646x1024.png\" class=\"attachment-large size-large\" alt=\"\" srcset=\"https:\/\/shop.alma-fashion.com\/wp-content\/uploads\/2021\/03\/zkosula-646x1024.png 646w, https:\/\/shop.alma-fashion.com\/wp-content\/uploads\/2021\/03\/zkosula-510x808.png 510w, https:\/\/shop.alma-fashion.com\/wp-content\/uploads\/2021\/03\/zkosula-189x300.png 189w, https:\/\/shop.alma-fashion.com\/wp-content\/uploads\/2021\/03\/zkosula-768x1217.png 768w, https:\/\/shop.alma-fashion.com\/wp-content\/uploads\/2021\/03\/zkosula-969x1536.png 969w, https:\/\/shop.alma-fashion.com\/wp-content\/uploads\/2021\/03\/zkosula-1292x2048.png 1292w, https:\/\/shop.alma-fashion.com\/wp-content\/uploads\/2021\/03\/zkosula.png 1357w\" sizes=\"auto, (max-width: 646px) 100vw, 646px\" \/>\t\t\t\t\t\t\n\t\t\t\t\t<\/div>\n\t\t\t\t\t\t\t\t\n<style>\n#image_999440689 {\n  width: 67%;\n}\n<\/style>\n\t<\/div>\n\t\n\n<h2 style=\"text-align: left;\">Ma\u00dftabelle<\/h2>\n<table width=\"566\">\n<tbody>\n<tr>\n<td width=\"128\">Ma\u00dfe<\/td>\n<td width=\"66\">34<\/td>\n<td width=\"62\">36<\/td>\n<td width=\"62\">38<\/td>\n<td width=\"62\">40<\/td>\n<td width=\"62\">42<\/td>\n<td width=\"62\">44<\/td>\n<td width=\"62\">46<\/td>\n<\/tr>\n<tr>\n<td>Oberweite<\/td>\n<td>90<\/td>\n<td>94<\/td>\n<td>98<\/td>\n<td>102<\/td>\n<td>106<\/td>\n<td>110<\/td>\n<td>116<\/td>\n<\/tr>\n<tr>\n<td>Tailenweite<\/td>\n<td>76<\/td>\n<td>80<\/td>\n<td>84<\/td>\n<td>88<\/td>\n<td>92<\/td>\n<td>96<\/td>\n<td>102<\/td>\n<\/tr>\n<tr>\n<td>Saumweite<\/td>\n<td>92<\/td>\n<td>96<\/td>\n<td>100<\/td>\n<td>104<\/td>\n<td>108<\/td>\n<td>112<\/td>\n<td>118<\/td>\n<\/tr>\n<tr>\n<td>Schulterweite<\/td>\n<td>12<\/td>\n<td>12.3<\/td>\n<td>12.6<\/td>\n<td>12.9<\/td>\n<td>13.2<\/td>\n<td>13.5<\/td>\n<td>13.8<\/td>\n<\/tr>\n<tr>\n<td width=\"128\">Oberarmweite<\/td>\n<td width=\"66\">32<\/td>\n<td>33<\/td>\n<td>34<\/td>\n<td>35<\/td>\n<td>36<\/td>\n<td>37<\/td>\n<td>38.5<\/td>\n<\/tr>\n<tr>\n<td width=\"128\">\u00c4rmelweite<\/td>\n<td width=\"66\">60<\/td>\n<td>60<\/td>\n<td>60.5<\/td>\n<td>60.5<\/td>\n<td>61<\/td>\n<td>61<\/td>\n<td>61.5<\/td>\n<\/tr>\n<tr>\n<td>Manschettenweite<\/td>\n<td>22.5<\/td>\n<td>23<\/td>\n<td>23.5<\/td>\n<td>24<\/td>\n<td>24.5<\/td>\n<td>25<\/td>\n<td>25.5<\/td>\n<\/tr>\n<tr>\n<td>R\u00fcckenl\u00e4nge<\/td>\n<td>67<\/td>\n<td>67<\/td>\n<td>68<\/td>\n<td>68<\/td>\n<td>69<\/td>\n<td>69<\/td>\n<td>70<\/td>\n<\/tr>\n<tr>\n<td width=\"128\">Kragenl\u00e4nge<\/td>\n<td width=\"66\">36<\/td>\n<td>38<\/td>\n<td>39<\/td>\n<td>40<\/td>\n<td>41<\/td>\n<td>42<\/td>\n<td>43<\/td>\n<\/tr>\n<\/tbody>\n<\/table>\n\t<div class=\"img has-hover x md-x lg-x y md-y lg-y\" id=\"image_704893700\">\n\t\t\t\t\t\t\t\t<div class=\"img-inner dark\" >\n\t\t\t\t\t\t\t\t\t\n\t\t\t\t\t<\/div>\n\t\t\t\t\t\t\t\t\n<style>\n#image_704893700 {\n  width: 100%;\n}\n<\/style>\n\t<\/div>\n\t\n\n\n\t\t<\/div>\n\t\t\t\t\t<\/div>\n\n\t\n\n<\/div>\n\n","protected":false},"excerpt":{"rendered":"","protected":false},"author":2,"featured_media":0,"parent":0,"menu_order":0,"comment_status":"closed","ping_status":"closed","template":"","meta":{"footnotes":""},"class_list":["post-3399","page","type-page","status-publish","hentry"],"yoast_head":"<!-- This site is optimized with the Yoast SEO plugin v27.2 - https:\/\/yoast.com\/product\/yoast-seo-wordpress\/ -->\n<title>Auftrag f\u00fcr Hemd - ALMA FASHION WEBSHOP<\/title>\n<meta name=\"robots\" content=\"index, follow, max-snippet:-1, max-image-preview:large, max-video-preview:-1\" \/>\n<link rel=\"canonical\" href=\"https:\/\/shop.alma-fashion.com\/en\/auftrag-fuer-hemd-d\/\" \/>\n<meta property=\"og:locale\" content=\"en_US\" \/>\n<meta property=\"og:type\" content=\"article\" \/>\n<meta property=\"og:title\" content=\"Auftrag f\u00fcr Hemd - ALMA FASHION WEBSHOP\" \/>\n<meta property=\"og:url\" content=\"https:\/\/shop.alma-fashion.com\/en\/auftrag-fuer-hemd-d\/\" \/>\n<meta property=\"og:site_name\" content=\"ALMA FASHION WEBSHOP\" \/>\n<meta property=\"article:modified_time\" content=\"2021-05-05T11:21:47+00:00\" \/>\n<meta name=\"twitter:card\" content=\"summary_large_image\" \/>\n<script type=\"application\/ld+json\" class=\"yoast-schema-graph\">{\"@context\":\"https:\/\/schema.org\",\"@graph\":[{\"@type\":\"WebPage\",\"@id\":\"https:\/\/shop.alma-fashion.com\/auftrag-fuer-hemd-d\/\",\"url\":\"https:\/\/shop.alma-fashion.com\/auftrag-fuer-hemd-d\/\",\"name\":\"Auftrag f\u00fcr Hemd - ALMA FASHION WEBSHOP\",\"isPartOf\":{\"@id\":\"https:\/\/shop.alma-fashion.com\/#website\"},\"datePublished\":\"2021-02-26T09:09:46+00:00\",\"dateModified\":\"2021-05-05T11:21:47+00:00\",\"breadcrumb\":{\"@id\":\"https:\/\/shop.alma-fashion.com\/auftrag-fuer-hemd-d\/#breadcrumb\"},\"inLanguage\":\"en-US\",\"potentialAction\":[{\"@type\":\"ReadAction\",\"target\":[\"https:\/\/shop.alma-fashion.com\/auftrag-fuer-hemd-d\/\"]}]},{\"@type\":\"BreadcrumbList\",\"@id\":\"https:\/\/shop.alma-fashion.com\/auftrag-fuer-hemd-d\/#breadcrumb\",\"itemListElement\":[{\"@type\":\"ListItem\",\"position\":1,\"name\":\"Home\",\"item\":\"https:\/\/shop.alma-fashion.com\/\"},{\"@type\":\"ListItem\",\"position\":2,\"name\":\"Auftrag f\u00fcr Hemd\"}]},{\"@type\":\"WebSite\",\"@id\":\"https:\/\/shop.alma-fashion.com\/#website\",\"url\":\"https:\/\/shop.alma-fashion.com\/\",\"name\":\"ALMA FASHION WEBSHOP\",\"description\":\"\",\"potentialAction\":[{\"@type\":\"SearchAction\",\"target\":{\"@type\":\"EntryPoint\",\"urlTemplate\":\"https:\/\/shop.alma-fashion.com\/?s={search_term_string}\"},\"query-input\":{\"@type\":\"PropertyValueSpecification\",\"valueRequired\":true,\"valueName\":\"search_term_string\"}}],\"inLanguage\":\"en-US\"}]}<\/script>\n<!-- \/ Yoast SEO plugin. -->","yoast_head_json":{"title":"Auftrag f\u00fcr Hemd - ALMA FASHION WEBSHOP","robots":{"index":"index","follow":"follow","max-snippet":"max-snippet:-1","max-image-preview":"max-image-preview:large","max-video-preview":"max-video-preview:-1"},"canonical":"https:\/\/shop.alma-fashion.com\/en\/auftrag-fuer-hemd-d\/","og_locale":"en_US","og_type":"article","og_title":"Auftrag f\u00fcr Hemd - ALMA FASHION WEBSHOP","og_url":"https:\/\/shop.alma-fashion.com\/en\/auftrag-fuer-hemd-d\/","og_site_name":"ALMA FASHION WEBSHOP","article_modified_time":"2021-05-05T11:21:47+00:00","twitter_card":"summary_large_image","schema":{"@context":"https:\/\/schema.org","@graph":[{"@type":"WebPage","@id":"https:\/\/shop.alma-fashion.com\/auftrag-fuer-hemd-d\/","url":"https:\/\/shop.alma-fashion.com\/auftrag-fuer-hemd-d\/","name":"Auftrag f\u00fcr Hemd - ALMA FASHION WEBSHOP","isPartOf":{"@id":"https:\/\/shop.alma-fashion.com\/#website"},"datePublished":"2021-02-26T09:09:46+00:00","dateModified":"2021-05-05T11:21:47+00:00","breadcrumb":{"@id":"https:\/\/shop.alma-fashion.com\/auftrag-fuer-hemd-d\/#breadcrumb"},"inLanguage":"en-US","potentialAction":[{"@type":"ReadAction","target":["https:\/\/shop.alma-fashion.com\/auftrag-fuer-hemd-d\/"]}]},{"@type":"BreadcrumbList","@id":"https:\/\/shop.alma-fashion.com\/auftrag-fuer-hemd-d\/#breadcrumb","itemListElement":[{"@type":"ListItem","position":1,"name":"Home","item":"https:\/\/shop.alma-fashion.com\/"},{"@type":"ListItem","position":2,"name":"Auftrag f\u00fcr Hemd"}]},{"@type":"WebSite","@id":"https:\/\/shop.alma-fashion.com\/#website","url":"https:\/\/shop.alma-fashion.com\/","name":"ALMA FASHION WEBSHOP","description":"","potentialAction":[{"@type":"SearchAction","target":{"@type":"EntryPoint","urlTemplate":"https:\/\/shop.alma-fashion.com\/?s={search_term_string}"},"query-input":{"@type":"PropertyValueSpecification","valueRequired":true,"valueName":"search_term_string"}}],"inLanguage":"en-US"}]}},"_links":{"self":[{"href":"https:\/\/shop.alma-fashion.com\/en\/wp-json\/wp\/v2\/pages\/3399","targetHints":{"allow":["GET"]}}],"collection":[{"href":"https:\/\/shop.alma-fashion.com\/en\/wp-json\/wp\/v2\/pages"}],"about":[{"href":"https:\/\/shop.alma-fashion.com\/en\/wp-json\/wp\/v2\/types\/page"}],"author":[{"embeddable":true,"href":"https:\/\/shop.alma-fashion.com\/en\/wp-json\/wp\/v2\/users\/2"}],"replies":[{"embeddable":true,"href":"https:\/\/shop.alma-fashion.com\/en\/wp-json\/wp\/v2\/comments?post=3399"}],"version-history":[{"count":0,"href":"https:\/\/shop.alma-fashion.com\/en\/wp-json\/wp\/v2\/pages\/3399\/revisions"}],"wp:attachment":[{"href":"https:\/\/shop.alma-fashion.com\/en\/wp-json\/wp\/v2\/media?parent=3399"}],"curies":[{"name":"wp","href":"https:\/\/api.w.org\/{rel}","templated":true}]}}