{"id":3431,"date":"2021-02-26T09:20:19","date_gmt":"2021-02-26T09:20:19","guid":{"rendered":"https:\/\/shop.alma-fashion.com\/nalog-zenski-pantaloni\/"},"modified":"2021-05-05T11:29:51","modified_gmt":"2021-05-05T11:29:51","slug":"auftrag-fur-hose-d","status":"publish","type":"page","link":"https:\/\/shop.alma-fashion.com\/en\/auftrag-fur-hose-d\/","title":{"rendered":"Auftrag f\u00fcr Hose"},"content":{"rendered":"\n<style>\ntd{border: 1px solid;\n}\n<\/style>\n<div class=\"row\"  id=\"row-297749458\">\n\n\n\t<div id=\"col-328979412\" class=\"col medium-6 small-12 large-6\"  >\n\t\t\t\t<div class=\"col-inner\"  >\n\t\t\t\n\t\t\t\n\n<div class=\"wpforms-container wpforms-container-full\" id=\"wpforms-3456\"><form id=\"wpforms-form-3456\" class=\"wpforms-validate wpforms-form\" data-formid=\"3456\" method=\"post\" enctype=\"multipart\/form-data\" action=\"\/en\/wp-json\/wp\/v2\/pages\/3431\" data-token=\"df53bebfa93a5885217e8c47c7e0b015\"><noscript class=\"wpforms-error-noscript\">Please enable JavaScript in your browser to complete this form.<\/noscript><div class=\"wpforms-field-container\"><div id=\"wpforms-3456-field_25-container\" class=\"wpforms-field wpforms-field-divider\" data-field-id=\"25\"><h3 id=\"wpforms-3456-field_25\" name=\"wpforms[fields][25]\">Informationen f\u00fcr Sie<\/h3><\/div><div id=\"wpforms-3456-field_3-container\" class=\"wpforms-field wpforms-field-name\" data-field-id=\"3\"><label class=\"wpforms-field-label\" for=\"wpforms-3456-field_3\">Name und Nachname <span class=\"wpforms-required-label\">*<\/span><\/label><input type=\"text\" id=\"wpforms-3456-field_3\" class=\"wpforms-field-large wpforms-field-required\" name=\"wpforms[fields][3]\" required><\/div><div id=\"wpforms-3456-field_4-container\" class=\"wpforms-field wpforms-field-email\" data-field-id=\"4\"><label class=\"wpforms-field-label\" for=\"wpforms-3456-field_4\">E-Mail <span class=\"wpforms-required-label\">*<\/span><\/label><input type=\"email\" id=\"wpforms-3456-field_4\" class=\"wpforms-field-large wpforms-field-required\" name=\"wpforms[fields][4]\" required><\/div><div id=\"wpforms-3456-field_26-container\" class=\"wpforms-field wpforms-field-text\" data-field-id=\"26\"><label class=\"wpforms-field-label\" for=\"wpforms-3456-field_26\">Firma<\/label><input type=\"text\" id=\"wpforms-3456-field_26\" class=\"wpforms-field-large\" name=\"wpforms[fields][26]\" ><\/div><div id=\"wpforms-3456-field_5-container\" class=\"wpforms-field wpforms-field-textarea\" data-field-id=\"5\"><label class=\"wpforms-field-label\" for=\"wpforms-3456-field_5\">Ihre Nachricht<\/label><textarea id=\"wpforms-3456-field_5\" class=\"wpforms-field-medium\" name=\"wpforms[fields][5]\" ><\/textarea><\/div><div id=\"wpforms-3456-field_24-container\" class=\"wpforms-field wpforms-field-divider\" data-field-id=\"24\"><h3 id=\"wpforms-3456-field_24\" name=\"wpforms[fields][24]\">Informationen \u00fcber den Auftrag<\/h3><\/div><div id=\"wpforms-3456-field_9-container\" class=\"wpforms-field wpforms-field-number\" data-field-id=\"9\"><label class=\"wpforms-field-label\" for=\"wpforms-3456-field_9\">Menge <span class=\"wpforms-required-label\">*<\/span><\/label><input type=\"number\" pattern=\"\\d*\" id=\"wpforms-3456-field_9\" class=\"wpforms-field-large wpforms-field-required\" name=\"wpforms[fields][9]\" placeholder=\"300\" required><div class=\"wpforms-field-description\">HINWEIS: Die Mindestbestellmenge betr\u00e4gt 300<\/div><\/div><div id=\"wpforms-3456-field_8-container\" class=\"wpforms-field wpforms-field-text\" data-field-id=\"8\"><label class=\"wpforms-field-label\" for=\"wpforms-3456-field_8\">Farbe des Materials<\/label><input type=\"text\" id=\"wpforms-3456-field_8\" class=\"wpforms-field-large\" name=\"wpforms[fields][8]\" ><div class=\"wpforms-field-description\">HINWEIS: Wenn das Feld leer ist, ist die Standardfarbe wei\u00df<\/div><\/div><div id=\"wpforms-3456-field_31-container\" class=\"wpforms-field wpforms-field-text\" data-field-id=\"31\"><label class=\"wpforms-field-label\" for=\"wpforms-3456-field_31\">Art des Materials<\/label><input type=\"text\" id=\"wpforms-3456-field_31\" class=\"wpforms-field-large\" name=\"wpforms[fields][31]\" ><\/div><div id=\"wpforms-3456-field_10-container\" class=\"wpforms-field wpforms-field-text\" data-field-id=\"10\"><label class=\"wpforms-field-label\" for=\"wpforms-3456-field_10\">Garnfarbe<\/label><input type=\"text\" id=\"wpforms-3456-field_10\" class=\"wpforms-field-large\" name=\"wpforms[fields][10]\" ><div class=\"wpforms-field-description\">HINWEIS: Wenn das Feld leer ist, ist die Standardfarbe wei\u00df<\/div><\/div><div id=\"wpforms-3456-field_30-container\" class=\"wpforms-field wpforms-field-divider\" data-field-id=\"30\"><h3 id=\"wpforms-3456-field_30\" name=\"wpforms[fields][30]\">Zus\u00e4tzliche Elemente<\/h3><\/div><div id=\"wpforms-3456-field_28-container\" class=\"wpforms-field wpforms-field-radio\" data-field-id=\"28\"><label class=\"wpforms-field-label\" for=\"wpforms-3456-field_28\">Bund<\/label><ul id=\"wpforms-3456-field_28\"><li class=\"choice-2 depth-1\"><input type=\"radio\" id=\"wpforms-3456-field_28_2\" name=\"wpforms[fields][28]\" value=\"Normaler Bund (ohne Gummi)\"  ><label class=\"wpforms-field-label-inline\" for=\"wpforms-3456-field_28_2\">Normaler Bund (ohne Gummi)<\/label><\/li><li class=\"choice-3 depth-1\"><input type=\"radio\" id=\"wpforms-3456-field_28_3\" name=\"wpforms[fields][28]\" value=\"mit einem Gummiband\"  ><label class=\"wpforms-field-label-inline\" for=\"wpforms-3456-field_28_3\">mit einem Gummiband<\/label><\/li><\/ul><\/div><div id=\"wpforms-3456-field_27-container\" class=\"wpforms-field wpforms-field-radio\" data-field-id=\"27\"><label class=\"wpforms-field-label\" for=\"wpforms-3456-field_27\">Vordertaschen<\/label><ul id=\"wpforms-3456-field_27\"><li class=\"choice-2 depth-1\"><input type=\"radio\" id=\"wpforms-3456-field_27_2\" name=\"wpforms[fields][27]\" value=\"Chino\"  ><label class=\"wpforms-field-label-inline\" for=\"wpforms-3456-field_27_2\">Chino<\/label><\/li><li class=\"choice-3 depth-1\"><input type=\"radio\" id=\"wpforms-3456-field_27_3\" name=\"wpforms[fields][27]\" value=\"f\u00fcnf Tasche\"  ><label class=\"wpforms-field-label-inline\" for=\"wpforms-3456-field_27_3\">f\u00fcnf Tasche<\/label><\/li><\/ul><\/div><div id=\"wpforms-3456-field_21-container\" class=\"wpforms-field wpforms-field-radio\" data-field-id=\"21\"><label class=\"wpforms-field-label\" for=\"wpforms-3456-field_21\">Ges\u00e4\u00dftaschen<\/label><ul id=\"wpforms-3456-field_21\"><li class=\"choice-4 depth-1\"><input type=\"radio\" id=\"wpforms-3456-field_21_4\" name=\"wpforms[fields][21]\" value=\"Mit einem Schr\u00e4gstreifen \"  ><label class=\"wpforms-field-label-inline\" for=\"wpforms-3456-field_21_4\">Mit einem Schr\u00e4gstreifen <\/label><\/li><li class=\"choice-5 depth-1\"><input type=\"radio\" id=\"wpforms-3456-field_21_5\" name=\"wpforms[fields][21]\" value=\"Mit zwei Schr\u00e4gstreifen\"  ><label class=\"wpforms-field-label-inline\" for=\"wpforms-3456-field_21_5\">Mit zwei Schr\u00e4gstreifen<\/label><\/li><li class=\"choice-6 depth-1\"><input type=\"radio\" id=\"wpforms-3456-field_21_6\" name=\"wpforms[fields][21]\" value=\"Mit Patte auf der Tasche \"  ><label class=\"wpforms-field-label-inline\" for=\"wpforms-3456-field_21_6\">Mit Patte auf der Tasche <\/label><\/li><\/ul><\/div><div id=\"wpforms-3456-field_18-container\" class=\"wpforms-field wpforms-field-textarea\" data-field-id=\"18\"><label class=\"wpforms-field-label\" for=\"wpforms-3456-field_18\">Weitere Anfrage<\/label><textarea id=\"wpforms-3456-field_18\" class=\"wpforms-field-medium\" name=\"wpforms[fields][18]\" ><\/textarea><\/div><\/div><input type=\"hidden\" name=\"wpforms[recaptcha]\" value=\"\"><div class=\"wpforms-submit-container\" ><input type=\"hidden\" name=\"wpforms[id]\" value=\"3456\"><input type=\"hidden\" name=\"wpforms[author]\" value=\"2\"><button type=\"submit\" name=\"wpforms[submit]\" class=\"wpforms-submit \" id=\"wpforms-submit-3456\" value=\"wpforms-submit\" aria-live=\"assertive\" >Erstellen Sie einen Auftrag<\/button><\/div><\/form><\/div>  <!-- .wpforms-container -->\n\n\t\t<\/div>\n\t\t\t\t\t<\/div>\n\n\t\n\n\t<div id=\"col-1178196028\" class=\"col medium-6 small-12 large-6\"  >\n\t\t\t\t<div class=\"col-inner text-center\"  >\n\t\t\t\n\t\t\t\n\n<a rel=\"noopener noreferrer\" href=\"https:\/\/www.alma-fashion.com\/de\/#catalogues\" target=\"_blank\" class=\"button primary is-small\"  >\n    <span>Zutaten<\/span>\n  <\/a>\n\n\n\t<div class=\"img has-hover x md-x lg-x y md-y lg-y\" id=\"image_1192002664\">\n\t\t\t\t\t\t\t\t<div class=\"img-inner dark\" >\n\t\t\t<img loading=\"lazy\" decoding=\"async\" width=\"345\" height=\"1024\" src=\"https:\/\/shop.alma-fashion.com\/wp-content\/uploads\/2021\/03\/pants-women-345x1024.png\" class=\"attachment-large size-large\" alt=\"\" srcset=\"https:\/\/shop.alma-fashion.com\/wp-content\/uploads\/2021\/03\/pants-women-345x1024.png 345w, https:\/\/shop.alma-fashion.com\/wp-content\/uploads\/2021\/03\/pants-women-510x1513.png 510w, https:\/\/shop.alma-fashion.com\/wp-content\/uploads\/2021\/03\/pants-women-101x300.png 101w, https:\/\/shop.alma-fashion.com\/wp-content\/uploads\/2021\/03\/pants-women-768x2278.png 768w, https:\/\/shop.alma-fashion.com\/wp-content\/uploads\/2021\/03\/pants-women-518x1536.png 518w, https:\/\/shop.alma-fashion.com\/wp-content\/uploads\/2021\/03\/pants-women-690x2048.png 690w, https:\/\/shop.alma-fashion.com\/wp-content\/uploads\/2021\/03\/pants-women.png 776w\" sizes=\"auto, (max-width: 345px) 100vw, 345px\" \/>\t\t\t\t\t\t\n\t\t\t\t\t<\/div>\n\t\t\t\t\t\t\t\t\n<style>\n#image_1192002664 {\n  width: 46%;\n}\n<\/style>\n\t<\/div>\n\t\n\n<h2 style=\"text-align: left;\">Ma\u00dftabelle<\/h2>\n<table width=\"565\">\n<tbody>\n<tr>\n<td width=\"117\">Ma\u00dfe<\/td>\n<td width=\"64\">34<\/td>\n<td width=\"64\">36<\/td>\n<td width=\"64\">38<\/td>\n<td width=\"64\">40<\/td>\n<td width=\"64\">42<\/td>\n<td width=\"64\">44<\/td>\n<td width=\"64\">46<\/td>\n<\/tr>\n<tr>\n<td>Bundweite\u00a0<\/td>\n<td>74<\/td>\n<td>78<\/td>\n<td>82<\/td>\n<td>86<\/td>\n<td>90<\/td>\n<td>95<\/td>\n<td>100<\/td>\n<\/tr>\n<tr>\n<td>H\u00fcftweite\u00a0<\/td>\n<td>94<\/td>\n<td>98<\/td>\n<td>102<\/td>\n<td>106<\/td>\n<td>110<\/td>\n<td>115<\/td>\n<td>120<\/td>\n<\/tr>\n<tr>\n<td>Oberschenkelbreite<\/td>\n<td>58.5<\/td>\n<td>61<\/td>\n<td>63.4<\/td>\n<td>65.8<\/td>\n<td>68.2<\/td>\n<td>70.6<\/td>\n<td>73<\/td>\n<\/tr>\n<tr>\n<td>Knieweite<\/td>\n<td>46.5<\/td>\n<td>48<\/td>\n<td>49.5<\/td>\n<td>51<\/td>\n<td>52.5<\/td>\n<td>54<\/td>\n<td>55.5<\/td>\n<\/tr>\n<tr>\n<td width=\"117\">Au\u00dfenl\u00e4nge (inkl. Ma\u00dfe f\u00fcr Bund, vom Naht gemessen)<\/td>\n<td>117<\/td>\n<td>117<\/td>\n<td>117<\/td>\n<td>117<\/td>\n<td>117<\/td>\n<td>117<\/td>\n<td>117<\/td>\n<\/tr>\n<tr>\n<td width=\"117\">Saum\u00a0<\/td>\n<td>47<\/td>\n<td>48<\/td>\n<td>49<\/td>\n<td>50<\/td>\n<td>51<\/td>\n<td>52<\/td>\n<td>53<\/td>\n<\/tr>\n<\/tbody>\n<\/table>\n\n\t\t<\/div>\n\t\t\t\t\t<\/div>\n\n\t\n\n<\/div>\n\n","protected":false},"excerpt":{"rendered":"","protected":false},"author":2,"featured_media":0,"parent":0,"menu_order":0,"comment_status":"closed","ping_status":"closed","template":"","meta":{"footnotes":""},"class_list":["post-3431","page","type-page","status-publish","hentry"],"yoast_head":"<!-- This site is optimized with the Yoast SEO plugin v27.2 - https:\/\/yoast.com\/product\/yoast-seo-wordpress\/ -->\n<title>Auftrag f\u00fcr Hose - ALMA FASHION WEBSHOP<\/title>\n<meta name=\"robots\" content=\"index, follow, max-snippet:-1, max-image-preview:large, max-video-preview:-1\" \/>\n<link rel=\"canonical\" href=\"https:\/\/shop.alma-fashion.com\/en\/auftrag-fur-hose-d\/\" \/>\n<meta property=\"og:locale\" content=\"en_US\" \/>\n<meta property=\"og:type\" content=\"article\" \/>\n<meta property=\"og:title\" content=\"Auftrag f\u00fcr Hose - ALMA FASHION WEBSHOP\" \/>\n<meta property=\"og:url\" content=\"https:\/\/shop.alma-fashion.com\/en\/auftrag-fur-hose-d\/\" \/>\n<meta property=\"og:site_name\" content=\"ALMA FASHION WEBSHOP\" \/>\n<meta property=\"article:modified_time\" content=\"2021-05-05T11:29:51+00:00\" \/>\n<meta name=\"twitter:card\" content=\"summary_large_image\" \/>\n<script type=\"application\/ld+json\" class=\"yoast-schema-graph\">{\"@context\":\"https:\/\/schema.org\",\"@graph\":[{\"@type\":\"WebPage\",\"@id\":\"https:\/\/shop.alma-fashion.com\/auftrag-fur-hose-d\/\",\"url\":\"https:\/\/shop.alma-fashion.com\/auftrag-fur-hose-d\/\",\"name\":\"Auftrag f\u00fcr Hose - ALMA FASHION WEBSHOP\",\"isPartOf\":{\"@id\":\"https:\/\/shop.alma-fashion.com\/#website\"},\"datePublished\":\"2021-02-26T09:20:19+00:00\",\"dateModified\":\"2021-05-05T11:29:51+00:00\",\"breadcrumb\":{\"@id\":\"https:\/\/shop.alma-fashion.com\/auftrag-fur-hose-d\/#breadcrumb\"},\"inLanguage\":\"en-US\",\"potentialAction\":[{\"@type\":\"ReadAction\",\"target\":[\"https:\/\/shop.alma-fashion.com\/auftrag-fur-hose-d\/\"]}]},{\"@type\":\"BreadcrumbList\",\"@id\":\"https:\/\/shop.alma-fashion.com\/auftrag-fur-hose-d\/#breadcrumb\",\"itemListElement\":[{\"@type\":\"ListItem\",\"position\":1,\"name\":\"Home\",\"item\":\"https:\/\/shop.alma-fashion.com\/\"},{\"@type\":\"ListItem\",\"position\":2,\"name\":\"Auftrag f\u00fcr Hose\"}]},{\"@type\":\"WebSite\",\"@id\":\"https:\/\/shop.alma-fashion.com\/#website\",\"url\":\"https:\/\/shop.alma-fashion.com\/\",\"name\":\"ALMA FASHION WEBSHOP\",\"description\":\"\",\"potentialAction\":[{\"@type\":\"SearchAction\",\"target\":{\"@type\":\"EntryPoint\",\"urlTemplate\":\"https:\/\/shop.alma-fashion.com\/?s={search_term_string}\"},\"query-input\":{\"@type\":\"PropertyValueSpecification\",\"valueRequired\":true,\"valueName\":\"search_term_string\"}}],\"inLanguage\":\"en-US\"}]}<\/script>\n<!-- \/ Yoast SEO plugin. -->","yoast_head_json":{"title":"Auftrag f\u00fcr Hose - ALMA FASHION WEBSHOP","robots":{"index":"index","follow":"follow","max-snippet":"max-snippet:-1","max-image-preview":"max-image-preview:large","max-video-preview":"max-video-preview:-1"},"canonical":"https:\/\/shop.alma-fashion.com\/en\/auftrag-fur-hose-d\/","og_locale":"en_US","og_type":"article","og_title":"Auftrag f\u00fcr Hose - ALMA FASHION WEBSHOP","og_url":"https:\/\/shop.alma-fashion.com\/en\/auftrag-fur-hose-d\/","og_site_name":"ALMA FASHION WEBSHOP","article_modified_time":"2021-05-05T11:29:51+00:00","twitter_card":"summary_large_image","schema":{"@context":"https:\/\/schema.org","@graph":[{"@type":"WebPage","@id":"https:\/\/shop.alma-fashion.com\/auftrag-fur-hose-d\/","url":"https:\/\/shop.alma-fashion.com\/auftrag-fur-hose-d\/","name":"Auftrag f\u00fcr Hose - ALMA FASHION WEBSHOP","isPartOf":{"@id":"https:\/\/shop.alma-fashion.com\/#website"},"datePublished":"2021-02-26T09:20:19+00:00","dateModified":"2021-05-05T11:29:51+00:00","breadcrumb":{"@id":"https:\/\/shop.alma-fashion.com\/auftrag-fur-hose-d\/#breadcrumb"},"inLanguage":"en-US","potentialAction":[{"@type":"ReadAction","target":["https:\/\/shop.alma-fashion.com\/auftrag-fur-hose-d\/"]}]},{"@type":"BreadcrumbList","@id":"https:\/\/shop.alma-fashion.com\/auftrag-fur-hose-d\/#breadcrumb","itemListElement":[{"@type":"ListItem","position":1,"name":"Home","item":"https:\/\/shop.alma-fashion.com\/"},{"@type":"ListItem","position":2,"name":"Auftrag f\u00fcr Hose"}]},{"@type":"WebSite","@id":"https:\/\/shop.alma-fashion.com\/#website","url":"https:\/\/shop.alma-fashion.com\/","name":"ALMA FASHION WEBSHOP","description":"","potentialAction":[{"@type":"SearchAction","target":{"@type":"EntryPoint","urlTemplate":"https:\/\/shop.alma-fashion.com\/?s={search_term_string}"},"query-input":{"@type":"PropertyValueSpecification","valueRequired":true,"valueName":"search_term_string"}}],"inLanguage":"en-US"}]}},"_links":{"self":[{"href":"https:\/\/shop.alma-fashion.com\/en\/wp-json\/wp\/v2\/pages\/3431","targetHints":{"allow":["GET"]}}],"collection":[{"href":"https:\/\/shop.alma-fashion.com\/en\/wp-json\/wp\/v2\/pages"}],"about":[{"href":"https:\/\/shop.alma-fashion.com\/en\/wp-json\/wp\/v2\/types\/page"}],"author":[{"embeddable":true,"href":"https:\/\/shop.alma-fashion.com\/en\/wp-json\/wp\/v2\/users\/2"}],"replies":[{"embeddable":true,"href":"https:\/\/shop.alma-fashion.com\/en\/wp-json\/wp\/v2\/comments?post=3431"}],"version-history":[{"count":0,"href":"https:\/\/shop.alma-fashion.com\/en\/wp-json\/wp\/v2\/pages\/3431\/revisions"}],"wp:attachment":[{"href":"https:\/\/shop.alma-fashion.com\/en\/wp-json\/wp\/v2\/media?parent=3431"}],"curies":[{"name":"wp","href":"https:\/\/api.w.org\/{rel}","templated":true}]}}